{"id":6733,"date":"2025-12-10T08:46:08","date_gmt":"2025-12-10T08:46:08","guid":{"rendered":"https:\/\/www.journafonds.ch\/reglement\/"},"modified":"2025-12-11T09:07:22","modified_gmt":"2025-12-11T09:07:22","slug":"regolamento","status":"publish","type":"page","link":"https:\/\/www.journafonds.ch\/it\/regolamento\/","title":{"rendered":"Regolamento"},"content":{"rendered":"<div class=\"fusion-fullwidth fullwidth-box fusion-builder-row-1 fusion-flex-container has-pattern-background has-mask-background nonhundred-percent-fullwidth non-hundred-percent-height-scrolling\" style=\"--awb-border-radius-top-left:0px;--awb-border-radius-top-right:0px;--awb-border-radius-bottom-right:0px;--awb-border-radius-bottom-left:0px;--awb-padding-bottom:100px;--awb-flex-wrap:wrap;\" ><div class=\"fusion-builder-row fusion-row fusion-flex-align-items-flex-start fusion-flex-content-wrap\" style=\"max-width:1269.99px;margin-left: calc(-3% \/ 2 );margin-right: calc(-3% \/ 2 );\"><div class=\"fusion-layout-column fusion_builder_column fusion-builder-column-0 fusion_builder_column_1_1 1_1 fusion-flex-column\" style=\"--awb-bg-size:cover;--awb-width-large:100%;--awb-spacing-right-large:1.455%;--awb-margin-bottom-large:0px;--awb-spacing-left-large:1.455%;--awb-width-medium:100%;--awb-order-medium:0;--awb-spacing-right-medium:1.455%;--awb-spacing-left-medium:1.455%;--awb-width-small:100%;--awb-order-small:0;--awb-spacing-right-small:1.455%;--awb-spacing-left-small:1.455%;\"><div class=\"fusion-column-wrapper fusion-column-has-shadow fusion-flex-justify-content-flex-start fusion-content-layout-column\"><div class=\"fusion-title title fusion-title-1 fusion-sep-none fusion-title-text fusion-title-size-three\" style=\"--awb-text-color:var(--awb-color2);--awb-margin-bottom:30px;--awb-margin-top-small:10px;--awb-margin-right-small:0px;--awb-margin-bottom-small:10px;--awb-margin-left-small:0px;--awb-font-size:var(--awb-typography4-font-size);\"><h3 class=\"fusion-title-heading title-heading-left fusion-responsive-typography-calculated\" style=\"font-family:var(--awb-typography4-font-family);font-weight:var(--awb-typography4-font-weight);font-style:var(--awb-typography4-font-style);margin:0;letter-spacing:var(--awb-typography4-letter-spacing);text-transform:var(--awb-typography4-text-transform);font-size:1em;--fontSize:28;line-height:var(--awb-typography4-line-height);\">Conditions d\u2019attribution par JournaFONDS des fonds de soutien aux projets d&#8217;enqu\u00eate et de reportage journalistique<\/h3><\/div><div class=\"fusion-text fusion-text-1\" style=\"--awb-font-size:var(--awb-typography3-font-size);--awb-line-height:var(--awb-typography3-line-height);--awb-letter-spacing:var(--awb-typography3-letter-spacing);--awb-text-transform:var(--awb-typography3-text-transform);--awb-text-font-family:var(--awb-typography3-font-family);--awb-text-font-weight:var(--awb-typography3-font-weight);--awb-text-font-style:var(--awb-typography3-font-style);\"><p><em>R\u00e8glement g\u00e9n\u00e9ral (version 1 er juillet 2025) <\/em><\/p>\n<\/div><div class=\"fusion-text fusion-text-2\" style=\"--awb-font-size:var(--awb-typography3-font-size);--awb-line-height:var(--awb-typography3-line-height);--awb-letter-spacing:var(--awb-typography3-letter-spacing);--awb-text-transform:var(--awb-typography3-text-transform);--awb-text-color:var(--awb-color2);--awb-text-font-family:var(--awb-typography3-font-family);--awb-text-font-weight:var(--awb-typography3-font-weight);--awb-text-font-style:var(--awb-typography3-font-style);\"><p><strong>1. Dispositions pr\u00e9liminaires<\/strong><\/p>\n<p>1.1. Les fonds publics et priv\u00e9s, recueillis et attribu\u00e9s par JournaFONDS, visent \u00e0 promouvoir et renforcer les projets d\u2019enqu\u00eates et reportages journalistiques produits en Suisse, par des journalistes et professionnels des m\u00e9dias \u00e9tablis en Suisse \u2014 ind\u00e9pendants ou employ\u00e9s des m\u00e9dias. *<\/p>\n<p>1.2. Les pr\u00e9sentes dispositions sur les conditions d\u2019attribution par JournaFONDS des fonds de soutien aux projets d&#8217;enqu\u00eate et de reportage journalistique ne constituent pas un droit au soutien de projets.<\/p>\n<p><strong>2. Cat\u00e9gories d\u2019aide<\/strong><\/p>\n<p>Il existe deux cat\u00e9gories d\u2019aide :<\/p>\n<p>Cat\u00e9gorie 1, Aide au d\u00e9marrage de projet : Une aide financi\u00e8re de d\u00e9part, afin de soutenir les\u00e9tapes initiales du projet, pour un montant maximum de CHF 3\u2019000.&#8211;.<\/p>\n<p>Cat\u00e9gorie 2, Aide au d\u00e9veloppement : Une aide \u00e0 la recherche, documentation, \u00e9criture, pour un montant maximum de CHF 10\u2019000.&#8211;.<\/p>\n<p>Une ou un journaliste ne peut recevoir qu&#8217;une seule aide par an et par cat\u00e9gorie.<\/p>\n<p><strong>3. Candidatures<\/strong><\/p>\n<p>3.1. Le requ\u00e9rant\/la requ\u00e9rante doit \u00eatre inscrit(e) au Registre professionnel (RP) g\u00e9r\u00e9 par les organisations professionnelles impressum, SSM et Syndicom ou remplir les crit\u00e8res de l\u2019art. 3bis des statuts. JournaFONDS donne priorit\u00e9 aux journalistes libres et\/ou employ\u00e9(e)s \u00e0 temps partiel.<\/p>\n<p>3.2. Les candidates et candidats journalistes \u00e0 l\u2019attribution s\u2019engagent dans leur travail \u00e0 respecter la D\u00e9claration des devoirs et des droits du\/de la journaliste et qu\u2019ils expliquent clairement lors de la soumission de leur projet :<\/p>\n<ul>\n<li>a. laquelle des deux cat\u00e9gories d\u2019aide suivantes ils sollicitent ;<\/li>\n<li>b. en quoi cette aide leur permettra de lever certains obstacles d\u00e9j\u00e0 identifi\u00e9s et\/ou pr\u00e9visibles, dans les diff\u00e9rentes \u00e9tapes n\u00e9cessaires \u00e0 la r\u00e9alisation de leur enqu\u00eate ;<\/li>\n<li>c. comment ils comptent utiliser l\u2019aide financi\u00e8re re\u00e7ue, avec une projection des \u00e9tapes de l\u2019enqu\u00eate et des d\u00e9lais pr\u00e9vus (esquisse de budget et timesheet) ;<\/li>\n<li>d. le questionnement ou l\u2019hypoth\u00e8se servant de point de d\u00e9part \u00e0 leur enqu\u00eate ou reportage ;<\/li>\n<li>e. les moyens envisag\u00e9s permettant d\u2019y r\u00e9pondre de mani\u00e8re document\u00e9e ;<\/li>\n<li>f. la planification pr\u00e9vue de leur travail ;<\/li>\n<li>g. les autres subventions d\u00e9j\u00e0 accord\u00e9es par des tiers sur les projets soumis \u00e0 JournaFONDS doivent \u00eatre mentionn\u00e9es ;<\/li>\n<li>h. les candidates et candidats journalistes doivent joindre \u00e0 leur dossier la lettre d\u2019intention JournaFONDS, sign\u00e9e par une personne responsable d\u2019un m\u00e9dia qui confirme \u00eatre int\u00e9ress\u00e9 par le projet d\u2019enqu\u00eate. Dans des cas d\u00fbment motiv\u00e9s, le jury peut d\u00e9roger \u00e0 cette exigence.<\/li>\n<li>i. les candidates et candidats journalistes doivent \u00e9galement indiquer des estimations et\/ou pr\u00e9cisions sur la participation financi\u00e8re pr\u00e9vue par ce m\u00e9dia pour le projet envisag\u00e9 (moyens accord\u00e9s en amont et\/ou au cours de r\u00e9alisation, r\u00e9mun\u00e9ration n\u00e9goci\u00e9e ou acquise lors de la publication ou diffusion de l\u2019enqu\u00eate) ;<\/li>\n<\/ul>\n<p>3.3. Les dossiers ne remplissant pas les exigences mentionn\u00e9es dans le pr\u00e9sent r\u00e8glement seront renvoy\u00e9s aux candidats, en leur demandant des explications compl\u00e9mentaires. Sans retour de leur part, ils seront d\u00e9finitivement refus\u00e9s. Les demandes qui restent incompl\u00e8tes peuvent \u00eatre refus\u00e9es sans examen.<\/p>\n<p>3.4. Si l\u2019aide au d\u00e9marrage ne suffit pas \u00e0 mener le projet \u00e0 terme, les candidates et candidats journalistes peuvent solliciter une aide au d\u00e9veloppement dans un deuxi\u00e8me temps.<\/p>\n<p>3.5. Pour ce faire, ils doivent d\u00e9poser une nouvelle demande, avec toutes les informations et explications requises ci-dessus \u2013 voir lettres a. \u00e0 h.<\/p>\n<p>3.6. Leur dossier sera r\u00e9\u00e9valu\u00e9 en fonction des m\u00eames crit\u00e8res, mais aussi en fonction de l\u2019avanc\u00e9e de leur projet et du travail d\u00e9j\u00e0 accompli.<\/p>\n<p>3.7. Des manquements d\u00e8s la premi\u00e8re phase (cat\u00e9gorie 1 : aide au d\u00e9marrage) sont susceptibles de disqualification d\u2019office pour les candidat-e-s qui solliciteraient un nouveau soutien pour les phases suivantes (cat\u00e9gorie 2 : aide au d\u00e9veloppement).<\/p>\n<p>3.8. Une demande de bourse doit mentionner si un projet pr\u00e9c\u00e9dent sur un autre sujet a \u00e9t\u00e9 soutenu, et le cas \u00e9ch\u00e9ant, l\u2019\u0153uvre r\u00e9alis\u00e9e doit obligatoirement \u00eatre livr\u00e9e aux experts. Dans des cas d\u2019exception, il peut suffire d\u2019envoyer la demande d\u00e9pos\u00e9e \u00e0 l\u2019\u00e9poque.<\/p>\n<p><strong>4. Crit\u00e8res de s\u00e9lection<\/strong><\/p>\n<p>Afin de pouvoir \u00e9valuer correctement un dossier, le jury a imp\u00e9rativement besoin de renseignements sur :<\/p>\n<ul>\n<li>a. l\u2019id\u00e9e de d\u00e9part du travail (probl\u00e9matique, questionnement et hypoth\u00e8se)<\/li>\n<li>b. la pertinence de l\u2019enqu\u00eate ou du reportage envisag\u00e9s, en termes d\u2019enjeux, d\u2019actualit\u00e9 et d\u2019int\u00e9r\u00eat public<\/li>\n<li>c. son originalit\u00e9 (choix et traitement du sujet)<\/li>\n<li>d. son professionnalisme, sa coh\u00e9rence et sa rigueur<\/li>\n<li>e. l\u2019ad\u00e9quation du projet avec la d\u00e9finition couramment admise du journalisme d\u2019investigation (voir point 5.3., ci-apr\u00e8s)<\/li>\n<li>f. sa faisabilit\u00e9<\/li>\n<li>g. l\u2019ampleur estim\u00e9e du travail et son urgence<\/li>\n<li>h. l\u2019ad\u00e9quation avec les besoins financiers sollicit\u00e9s par les candidates et candidats<\/li>\n<li>i. l\u2019impact escompt\u00e9 du projet en termes d\u2019int\u00e9r\u00eat public et de contribution \u00e0 la diversit\u00e9 des m\u00e9dias.<\/li>\n<\/ul>\n<p><strong>5. Le jury<\/strong><\/p>\n<p>5.1. Le secr\u00e9tariat de JournaFONDS transmet les dossiers des candidat(e)s aux trois membres du jury.<\/p>\n<p>5.2. En r\u00e8gle g\u00e9n\u00e9rale, le jury se r\u00e9unit tous les quatre mois pour \u00e9valuer les dossiers. Les dates des sessions de s\u00e9lection des projets sont d\u00e9finies dans les directives annuelles.<\/p>\n<p>5.3. Le jury d\u00e9cide notamment sur base :<\/p>\n<ul>\n<li>a. de la dimension d\u2019int\u00e9r\u00eat public, au c\u0153ur du travail d\u2019enqu\u00eate et de reportage journalistique, comme en atteste la d\u00e9finition la plus largement accept\u00e9e par les professionnels, et relay\u00e9e par les plus importantes structures et r\u00e9seaux internationaux d\u00e9di\u00e9s au journalisme d\u2019investigation (l\u2019organisation am\u00e9ricaine Investigative Reporters and Editors-IRE et le r\u00e9seau mondial Global Investigative Journalism Network \u2013 GIJN) ;<\/li>\n<li>b. de crit\u00e8res d\u2019ordre \u00e9thique et de qualit\u00e9, notamment des statuts de l\u2019Association Pacte de l\u2019Enqu\u00eate et du Reportage et de la D\u00e9claration des devoirs et droits du\/de la journaliste.<\/li>\n<\/ul>\n<p>5.4. A l\u2019issue de sa r\u00e9union, le jury prend sa d\u00e9cision dans un d\u00e9lai de 14 jours ou plus rapidement, selon l\u2019urgence. Toute d\u00e9cision \u2013 positive ou n\u00e9gative \u2013 est motiv\u00e9e par \u00e9crit.<\/p>\n<p>5.5. Le secr\u00e9tariat et le jury garantissent aux candidats la pleine confidentialit\u00e9, conform\u00e9ment aux dispositions pr\u00e9vues par les statuts de l\u2019Association Pacte de l\u2019Enqu\u00eate et du Reportage. Les membres du jury signent pr\u00e9alablement une d\u00e9claration de confidentialit\u00e9.<\/p>\n<p>5.6. Les d\u00e9cisions du jury sont d\u00e9finitives et sans appel.<\/p>\n<p><strong>6. Modalit\u00e9s d\u2019attribution et de versement de l\u2019aide<\/strong><\/p>\n<p>6.1. Les montants qui peuvent \u00eatre accord\u00e9s dans le cas de l\u2019acceptation d\u2019une demande sont calcul\u00e9s sur la base du bar\u00e8me des minimas de la profession, soit un forfait journalier de 600 francs, auxquels s\u2019ajoutent les frais (d\u00e9placements, par exemple).<\/p>\n<p>6.2. Les frais li\u00e9s \u00e0 l\u2019infrastructure (location de bureaux et\/ou de mat\u00e9riel), ne sont pas financ\u00e9s.<\/p>\n<p>6.3. La moiti\u00e9 de la somme accord\u00e9e est vers\u00e9e aux candidat(e)s apr\u00e8s acceptation de leurs dossiers par le jury, dans un d\u00e9lai de 14 jours.<\/p>\n<p>6.4. Tous les deux mois, le\/la journaliste informe JournaFONDS par \u00e9crit sur l\u2019avanc\u00e9e et l\u2019\u00e9tat du projet et confirme s\u2019il est sur la bonne voie, comme pr\u00e9vu dans la demande de bourse.<\/p>\n<p>6.5. En cas de changement significatif d\u2019un projet apr\u00e8s versement de la premi\u00e8re tranche de la somme, le\/la b\u00e9n\u00e9ficiaire doit en informer sans d\u00e9lai le secr\u00e9tariat en fournissant les d\u00e9tails des motifs et conditions qui ont amen\u00e9 \u00e0 cette d\u00e9cision.<\/p>\n<p>6.6. La moiti\u00e9 restante de la somme accord\u00e9e est vers\u00e9e aux candidat(e)s apr\u00e8s r\u00e9ception par le secr\u00e9tariat du r\u00e9sultat du travail d\u2019enqu\u00eate ou de reportage et d\u2019un rapport final, qui comprend, entre autres, des indications sur la r\u00e9ception et perception du projet, tel que la r\u00e9action du lectorat et du public, les pages vues, les r\u00e9actions sur les r\u00e9seaux sociaux, et autres.<\/p>\n<p>6.7. Tant que le\/la candidat-e omet d\u2019informer JournaFONDS sur la publication de l\u2019enqu\u00eate, seule la moiti\u00e9 de la deuxi\u00e8me tranche sera vers\u00e9e.<\/p>\n<p>6.8. En cas de non-r\u00e9ception ou de non-aboutissement du travail d\u2019enqu\u00eate ou de reportage, le secr\u00e9tariat demande des explications aux candidat-e-s.<\/p>\n<p>6.9. Le jury se r\u00e9serve le droit de ne pas proc\u00e9der au versement de la seconde tranche du fonds de soutien aux projets d\u2019enqu\u00eate ou de reportage, dans le cas o\u00f9 les candidat(e)s ne donnent pas suite de mani\u00e8re satisfaisante.<\/p>\n<p>6.10. En cas de non-r\u00e9alisation de l\u2019\u0153uvre, JournaFONDS se r\u00e9serve le droit de r\u00e9silier l\u2019accord unilat\u00e9ralement et d\u2019exiger le remboursement entier de la premi\u00e8re tranche pay\u00e9e.<\/p>\n<p>6.11. Si le projet n&#8217;est pas publi\u00e9 dans les deux ans suivant le versement du premier versement, le droit au deuxi\u00e8me versement est \u00e9chu. Dans des cas d\u00fbment motiv\u00e9s, ce d\u00e9lai peut \u00eatre port\u00e9 \u00e0 trois ans.<\/p>\n<p><strong>7. Mentions lors de publications de projets soutenus par JournaFONDS<\/strong><\/p>\n<p>7.1. Le\/la journaliste s\u2019engage \u00e0 ce que toute enqu\u00eate ou reportage publi\u00e9 qui a b\u00e9n\u00e9fici\u00e9 de soutiens de JournaFONDS affichera le logo de JournaFONDS qui est mis \u00e0 disposition, avec la mention \u00ab r\u00e9alis\u00e9 avec le soutien de JournaFONDS \u00bb.<\/p>\n<p>7.2. Tant que cette mention est oubli\u00e9e et ne figure pas avec la publication, JournaFONDS ne versera pas la deuxi\u00e8me tranche de la bourse.<\/p>\n<p>7.3. Le jour de la publication, le\/la journaliste envoie \u00e0 JournaFONDS un lien ou un pdf de l\u2019enqu\u00eate publi\u00e9e.<\/p>\n<p>7.4. JournaFONDS se r\u00e9serve le droit de publier toute enqu\u00eate et tout reportage, enti\u00e8rement ou partiellement financ\u00e9(e) par lui, au plus t\u00f4t un mois apr\u00e8s la publication initiale ou \u2013 au cas o\u00f9 l\u2019enqu\u00eate ou le reportage n\u2019est pas publi\u00e9(e) du tout \u2013 apr\u00e8s un d\u00e9lai raisonnable et en accord avec l\u2019auteur. JournaFONDS se r\u00e9serve le droit de mentionner l\u2019enqu\u00eate d\u00e8s publication sur son propre site web.<\/p>\n<p><strong>8. Entr\u00e9e en vigueur et validit\u00e9<\/strong><\/p>\n<p>Le pr\u00e9sent r\u00e8glement entre en vigueur le 1 erjuin 2021 (selon d\u00e9cision du Comit\u00e9 du 25 mai 2021). Adapt\u00e9 le 1 er juillet 2025.<\/p>\n<p>&nbsp;<\/p>\n<p><em>* pour avoir plus d\u2019informations sur les buts de JournaFONDS, veuillez consulter les statuts de l\u2019association.<\/em><\/p>\n<\/div><\/div><\/div><\/div><\/div>\n","protected":false},"excerpt":{"rendered":"","protected":false},"author":1,"featured_media":0,"parent":0,"menu_order":0,"comment_status":"closed","ping_status":"closed","template":"100-width.php","meta":{"_acf_changed":false,"footnotes":""},"class_list":["post-6733","page","type-page","status-publish","hentry"],"acf":[],"yoast_head":"<!-- This site is optimized with the Yoast SEO plugin v27.4 - https:\/\/yoast.com\/product\/yoast-seo-wordpress\/ -->\n<title>Regolamento - journaFONDS<\/title>\n<meta name=\"robots\" content=\"index, follow, max-snippet:-1, max-image-preview:large, max-video-preview:-1\" \/>\n<link rel=\"canonical\" href=\"https:\/\/www.journafonds.ch\/reglement\/\" \/>\n<meta property=\"og:locale\" content=\"it_IT\" \/>\n<meta property=\"og:type\" content=\"article\" \/>\n<meta property=\"og:title\" content=\"Regolamento - journaFONDS\" \/>\n<meta property=\"og:url\" content=\"https:\/\/www.journafonds.ch\/reglement\/\" \/>\n<meta property=\"og:site_name\" content=\"journaFONDS\" \/>\n<meta property=\"article:modified_time\" content=\"2025-12-11T09:07:22+00:00\" \/>\n<meta name=\"twitter:card\" content=\"summary_large_image\" \/>\n<meta name=\"twitter:label1\" content=\"Tempo di lettura stimato\" \/>\n\t<meta name=\"twitter:data1\" content=\"13 minuti\" \/>\n<script type=\"application\/ld+json\" class=\"yoast-schema-graph\">{\"@context\":\"https:\\\/\\\/schema.org\",\"@graph\":[{\"@type\":\"WebPage\",\"@id\":\"https:\\\/\\\/www.journafonds.ch\\\/reglement\\\/\",\"url\":\"https:\\\/\\\/www.journafonds.ch\\\/reglement\\\/\",\"name\":\"Regolamento - journaFONDS\",\"isPartOf\":{\"@id\":\"https:\\\/\\\/www.journafonds.ch\\\/#website\"},\"datePublished\":\"2025-12-10T08:46:08+00:00\",\"dateModified\":\"2025-12-11T09:07:22+00:00\",\"breadcrumb\":{\"@id\":\"https:\\\/\\\/www.journafonds.ch\\\/reglement\\\/#breadcrumb\"},\"inLanguage\":\"it-IT\",\"potentialAction\":[{\"@type\":\"ReadAction\",\"target\":[\"https:\\\/\\\/www.journafonds.ch\\\/reglement\\\/\"]}]},{\"@type\":\"BreadcrumbList\",\"@id\":\"https:\\\/\\\/www.journafonds.ch\\\/reglement\\\/#breadcrumb\",\"itemListElement\":[{\"@type\":\"ListItem\",\"position\":1,\"name\":\"Start\",\"item\":\"https:\\\/\\\/www.journafonds.ch\\\/it\\\/\"},{\"@type\":\"ListItem\",\"position\":2,\"name\":\"Regolamento\"}]},{\"@type\":\"WebSite\",\"@id\":\"https:\\\/\\\/www.journafonds.ch\\\/#website\",\"url\":\"https:\\\/\\\/www.journafonds.ch\\\/\",\"name\":\"journaFONDS\",\"description\":\"Fribourg | Fonds f\u00fcr investigativen Journalismus\",\"potentialAction\":[{\"@type\":\"SearchAction\",\"target\":{\"@type\":\"EntryPoint\",\"urlTemplate\":\"https:\\\/\\\/www.journafonds.ch\\\/?s={search_term_string}\"},\"query-input\":{\"@type\":\"PropertyValueSpecification\",\"valueRequired\":true,\"valueName\":\"search_term_string\"}}],\"inLanguage\":\"it-IT\"}]}<\/script>\n<!-- \/ Yoast SEO plugin. -->","yoast_head_json":{"title":"Regolamento - journaFONDS","robots":{"index":"index","follow":"follow","max-snippet":"max-snippet:-1","max-image-preview":"max-image-preview:large","max-video-preview":"max-video-preview:-1"},"canonical":"https:\/\/www.journafonds.ch\/reglement\/","og_locale":"it_IT","og_type":"article","og_title":"Regolamento - journaFONDS","og_url":"https:\/\/www.journafonds.ch\/reglement\/","og_site_name":"journaFONDS","article_modified_time":"2025-12-11T09:07:22+00:00","twitter_card":"summary_large_image","twitter_misc":{"Tempo di lettura stimato":"13 minuti"},"schema":{"@context":"https:\/\/schema.org","@graph":[{"@type":"WebPage","@id":"https:\/\/www.journafonds.ch\/reglement\/","url":"https:\/\/www.journafonds.ch\/reglement\/","name":"Regolamento - journaFONDS","isPartOf":{"@id":"https:\/\/www.journafonds.ch\/#website"},"datePublished":"2025-12-10T08:46:08+00:00","dateModified":"2025-12-11T09:07:22+00:00","breadcrumb":{"@id":"https:\/\/www.journafonds.ch\/reglement\/#breadcrumb"},"inLanguage":"it-IT","potentialAction":[{"@type":"ReadAction","target":["https:\/\/www.journafonds.ch\/reglement\/"]}]},{"@type":"BreadcrumbList","@id":"https:\/\/www.journafonds.ch\/reglement\/#breadcrumb","itemListElement":[{"@type":"ListItem","position":1,"name":"Start","item":"https:\/\/www.journafonds.ch\/it\/"},{"@type":"ListItem","position":2,"name":"Regolamento"}]},{"@type":"WebSite","@id":"https:\/\/www.journafonds.ch\/#website","url":"https:\/\/www.journafonds.ch\/","name":"journaFONDS","description":"Fribourg | Fonds f\u00fcr investigativen Journalismus","potentialAction":[{"@type":"SearchAction","target":{"@type":"EntryPoint","urlTemplate":"https:\/\/www.journafonds.ch\/?s={search_term_string}"},"query-input":{"@type":"PropertyValueSpecification","valueRequired":true,"valueName":"search_term_string"}}],"inLanguage":"it-IT"}]}},"_links":{"self":[{"href":"https:\/\/www.journafonds.ch\/it\/wp-json\/wp\/v2\/pages\/6733","targetHints":{"allow":["GET"]}}],"collection":[{"href":"https:\/\/www.journafonds.ch\/it\/wp-json\/wp\/v2\/pages"}],"about":[{"href":"https:\/\/www.journafonds.ch\/it\/wp-json\/wp\/v2\/types\/page"}],"author":[{"embeddable":true,"href":"https:\/\/www.journafonds.ch\/it\/wp-json\/wp\/v2\/users\/1"}],"replies":[{"embeddable":true,"href":"https:\/\/www.journafonds.ch\/it\/wp-json\/wp\/v2\/comments?post=6733"}],"version-history":[{"count":2,"href":"https:\/\/www.journafonds.ch\/it\/wp-json\/wp\/v2\/pages\/6733\/revisions"}],"predecessor-version":[{"id":6736,"href":"https:\/\/www.journafonds.ch\/it\/wp-json\/wp\/v2\/pages\/6733\/revisions\/6736"}],"wp:attachment":[{"href":"https:\/\/www.journafonds.ch\/it\/wp-json\/wp\/v2\/media?parent=6733"}],"curies":[{"name":"wp","href":"https:\/\/api.w.org\/{rel}","templated":true}]}}