{"id":6662,"date":"2025-12-10T08:45:46","date_gmt":"2025-12-10T08:45:46","guid":{"rendered":"https:\/\/www.journafonds.ch\/statuten\/"},"modified":"2025-12-29T08:34:29","modified_gmt":"2025-12-29T08:34:29","slug":"statuto","status":"publish","type":"page","link":"https:\/\/www.journafonds.ch\/it\/statuto\/","title":{"rendered":"Statuto"},"content":{"rendered":"<div class=\"fusion-fullwidth fullwidth-box fusion-builder-row-1 fusion-flex-container has-pattern-background has-mask-background nonhundred-percent-fullwidth non-hundred-percent-height-scrolling\" style=\"--awb-border-radius-top-left:0px;--awb-border-radius-top-right:0px;--awb-border-radius-bottom-right:0px;--awb-border-radius-bottom-left:0px;--awb-padding-bottom:100px;--awb-flex-wrap:wrap;\" ><div class=\"fusion-builder-row fusion-row fusion-flex-align-items-flex-start fusion-flex-content-wrap\" style=\"max-width:1269.99px;margin-left: calc(-3% \/ 2 );margin-right: calc(-3% \/ 2 );\"><div class=\"fusion-layout-column fusion_builder_column fusion-builder-column-0 fusion_builder_column_1_1 1_1 fusion-flex-column\" style=\"--awb-bg-size:cover;--awb-width-large:100%;--awb-spacing-right-large:1.455%;--awb-margin-bottom-large:0px;--awb-spacing-left-large:1.455%;--awb-width-medium:100%;--awb-order-medium:0;--awb-spacing-right-medium:1.455%;--awb-spacing-left-medium:1.455%;--awb-width-small:100%;--awb-order-small:0;--awb-spacing-right-small:1.455%;--awb-spacing-left-small:1.455%;\"><div class=\"fusion-column-wrapper fusion-column-has-shadow fusion-flex-justify-content-flex-start fusion-content-layout-column\"><div class=\"fusion-title title fusion-title-1 fusion-sep-none fusion-title-text fusion-title-size-three\" style=\"--awb-text-color:var(--awb-color2);--awb-margin-bottom:30px;--awb-margin-top-small:10px;--awb-margin-right-small:0px;--awb-margin-bottom-small:10px;--awb-margin-left-small:0px;--awb-font-size:var(--awb-typography4-font-size);\"><h3 class=\"fusion-title-heading title-heading-left fusion-responsive-typography-calculated\" style=\"font-family:var(--awb-typography4-font-family);font-weight:var(--awb-typography4-font-weight);font-style:var(--awb-typography4-font-style);margin:0;letter-spacing:var(--awb-typography4-letter-spacing);text-transform:var(--awb-typography4-text-transform);font-size:1em;--fontSize:28;line-height:var(--awb-typography4-line-height);\">STATUTS ASSOCIATION \u00abPACTE DE L\u2019ENQUETE ET DU REPORTAGE\u00bb<\/h3><\/div><div class=\"fusion-text fusion-text-1\" style=\"--awb-font-size:var(--awb-typography3-font-size);--awb-line-height:var(--awb-typography3-line-height);--awb-letter-spacing:var(--awb-typography3-letter-spacing);--awb-text-transform:var(--awb-typography3-text-transform);--awb-text-font-family:var(--awb-typography3-font-family);--awb-text-font-weight:var(--awb-typography3-font-weight);--awb-text-font-style:var(--awb-typography3-font-style);\"><p><strong>Art. 1 \u2013 D\u00e9nomination<\/strong> <br \/>Sous la d\u00e9nomination de \u00ab Pacte de l\u2019enqu\u00eate et du reportage \u00bb, il est constitu\u00e9 une association sans but lucratif, dot\u00e9e de la personnalit\u00e9 juridique, r\u00e9gie par les dispositions des articles 60 et suivants du Code civil suisse et par les pr\u00e9sents statuts.<\/p>\n<p><strong>Art. 2 \u2013 Si\u00e8ge<\/strong> <br \/>Le si\u00e8ge de l\u2019association est \u00e0 Fribourg.<\/p>\n<p><strong>Art. 3 \u2013 Buts <\/strong><br \/>L&#8217;association a pour but de soutenir financi\u00e8rement des enqu\u00eates et reportages de qualit\u00e9, dans le respect de la d\u00e9ontologie professionnelle, ainsi que de la n\u00e9cessaire diversit\u00e9 culturelle du pays et des sujets trait\u00e9s.<\/p>\n<p>L&#8217;association peut participer \u00e0 la mise en \u0153uvre d&#8217;autres programmes de soutien aux m\u00e9dias d&#8217;information, notamment en mati\u00e8re d&#8217;aides f\u00e9d\u00e9rales, et \u00e0 l&#8217;innovation, qui se mettraient en place ou existent d\u00e9j\u00e0.<\/p>\n<p><strong>Art. 3bis \u2013 B\u00e9n\u00e9ficiaires<\/strong> <br \/>Les b\u00e9n\u00e9ficiaires peuvent \u00eatre :<\/p>\n<ul>\n<li>les journalistes, soit les personnes dont le m\u00e9tier consiste \u00e0 r\u00e9colter, choisir, v\u00e9rifier, structurer, analyser ou illustrer des informations ou des opinions d&#8217;int\u00e9r\u00eat public en vue d&#8217;une publication et qui sont inscrits au registre professionnel, qu&#8217;ils soient ind\u00e9pendants ou employ\u00e9s d&#8217;un titre;<\/li>\n<li>les autres professionnels des m\u00e9dias qui sont inscrits au registre professionnel ;<\/li>\n<li>\u00e0 titre exceptionnel, les autres professionnels des m\u00e9dias qui cr\u00e9ent du contenu journalistique ou y contribuent et qui s&#8217;engagent au respect des r\u00e8gles figurant \u00e0 l&#8217;art suivant.<\/li>\n<\/ul>\n<p><strong>Art. 3ter \u2013 Conditions n\u00e9cessaires d&#8217;octroi <br \/><\/strong>Pour pr\u00e9tendre \u00e0 un soutien, un projet d&#8217;enqu\u00eate ou de reportage doit se conformer \u00e0 la D\u00e9claration des devoirs et des droits des journalistes et les requ\u00e9rant-e-s doivent souscrire notamment aux conditions suivantes : <\/p>\n<ul>\n<li>la recherche de la v\u00e9rit\u00e9;<\/li>\n<li>la responsabilit\u00e9 envers le public, qui prime sur toute all\u00e9geance;<\/li>\n<li>l&#8217;identification des sources et leur communication, sous r\u00e9serve de leur protection absolue lorsqu&#8217;elle est requise;<\/li>\n<li>le respect de la vie priv\u00e9e et de la dignit\u00e9 humaine;<\/li>\n<li>le respect des faits ;<\/li>\n<\/ul>\n<p>En outre, les projets doivent satisfaire aux conditions suivantes :<\/p>\n<ul>\n<li>la pertinence et l&#8217;importance du sujet pour le d\u00e9bat d\u00e9mocratique et la formation de l&#8217;opinion publique;<\/li>\n<li>la mise en perspective des sujets, par leur orientation et leur interpr\u00e9tation;<\/li>\n<li>l&#8217;originalit\u00e9 des th\u00e8mes;<\/li>\n<li>les liens avec la Suisse;<\/li>\n<li>l&#8217;importance et la qualit\u00e9 des recherches pr\u00e9alables et de la mise en \u0153uvre de l&#8217;enqu\u00eate;<\/li>\n<li>la vari\u00e9t\u00e9 et la cr\u00e9dibilit\u00e9 des sources;<\/li>\n<li>la faisabilit\u00e9 raisonnable de l&#8217;ex\u00e9cution.<\/li>\n<\/ul>\n<p><strong>Article 3 quater \u2013 Principes d\u2019\u00e9thique suivis par les jurys<\/strong> <br \/>Lors de l\u2019octroi des fonds, les commissions d\u2019attributions pr\u00e9vues \u00e0 l\u2019article 14 des pr\u00e9sents statuts prennent aussi en compte les principes d\u2019\u00e9thiques suivants : <\/p>\n<ul>\n<li>le professionnalisme, notamment par le souci de recherche de l\u2019objectivit\u00e9 et par une propre production ;<\/li>\n<li>la sinc\u00e9rit\u00e9 et l\u2019honn\u00eatet\u00e9 des proc\u00e9d\u00e9s d\u2019enqu\u00eate ;<\/li>\n<li>la transparence dans l\u2019exercice de la profession, notamment sur les liens d\u2019int\u00e9r\u00eats ;<\/li>\n<li>l\u2019interdiction de toute utilisation d\u2019informations privil\u00e9gi\u00e9es \u00e0 des fins personnelles<\/li>\n<\/ul>\n<p>L\u2019association adopte \u00e9galement une charte \u00e9thique qui reprendra ou\/et compl\u00e8tera ces principes.<\/p>\n<p><strong>Art. 4 \u2013 Dur\u00e9e<\/strong> <br \/>L\u2019association est constitu\u00e9e pour une dur\u00e9e illimit\u00e9e. <\/p>\n<p><strong>Art. 5 \u2013 Ressources <\/strong><br \/>Les ressources de l\u2019association sont constitu\u00e9es notamment par : <\/p>\n<ul>\n<li>les contributions des collectivit\u00e9s publiques de Suisse;<\/li>\n<li>les contributions des organes de r\u00e9partition des loteries;<\/li>\n<li>les contributions \u00e9manant de fondations, d\u2019associations, d\u2019entreprises et d\u2019autres personnes priv\u00e9es;<\/li>\n<li>les recettes du financement participatif;<\/li>\n<li>d\u2019\u00e9ventuels dons et legs;<\/li>\n<li>les cotisations annuelles des membres;<\/li>\n<li>le produit des diverses prestations fournies aux \u00e9diteurs et autres partenaires des m\u00e9dias d\u2019information.<\/li>\n<\/ul>\n<p><strong>Art. 6 \u2013 Membres<\/strong> <br \/>Les membres de cat\u00e9gorie 1 sont d&#8217;office repr\u00e9sent\u00e9s au comit\u00e9. Il s&#8217;agit des six organisations suivantes : <\/p>\n<ul>\n<li>M\u00e9dias Pour Tous ;<\/li>\n<li>Nouvelle presse ;<\/li>\n<li>SSM \u2013 Syndicat suisse des mass m\u00e9dia<\/li>\n<li>Syndicom \u2013 Syndicat des m\u00e9dias et de la communication<\/li>\n<li>Impressum \u2013 Les journalistes suisses<\/li>\n<li>Association M\u00e9dias d\u2019avenir<\/li>\n<\/ul>\n<p>Les membres de cat\u00e9gorie 2 sont :<\/p>\n<ul>\n<li>Investigativ.ch ;<\/li>\n<li>Media Forti ;<\/li>\n<li>Jeune Journalistes Suisse ;<\/li>\n<li>les nouveaux membres admis par l&#8217;assembl\u00e9e g\u00e9n\u00e9rale.<\/li>\n<\/ul>\n<p>Seules les personnes morales peuvent devenir membres de l\u2019association.<\/p>\n<p>Les membres des deux cat\u00e9gories disposent toutes d\u2019une voix \u00e0 l\u2019assembl\u00e9e g\u00e9n\u00e9rale.<\/p>\n<p>Les biens de l\u2019association garantissent seuls les engagements, toute responsabilit\u00e9 personnelle des membres \u00e9tant exclue.<\/p>\n<p><strong>Art. 7 \u2013 Admission <\/strong><br \/>Toute personne morale dispos\u00e9e \u00e0 soutenir l\u2019association et pr\u00eate \u00e0 accepter les pr\u00e9sents statuts peut demander \u00e0 devenir membre de l\u2019association.<\/p>\n<p>L&#8217;assembl\u00e9e g\u00e9n\u00e9rale statue de mani\u00e8re discr\u00e9tionnaire et sans indication de motifs.<\/p>\n<p><strong>Art. 8 \u2013 D\u00e9mission, exclusion<\/strong> <br \/>Tout membre peut d\u00e9missionner de l\u2019association pour la fin d\u2019une ann\u00e9e civile, moyennant un pr\u00e9avis \u00e9crit de six mois et l\u2019acquittement de toutes ses obligations financi\u00e8res. <\/p>\n<p>L\u2019assembl\u00e9e g\u00e9n\u00e9rale est en droit d\u2019exclure un membre ne r\u00e9pondant plus aux exigences statutaires ou qui n\u2019honore pas ses engagements financiers \u00e0 l\u2019\u00e9gard de l\u2019association. Elle peut aussi exclure un membre pour de justes motifs.<\/p>\n<p>Un membre d\u00e9missionnaire ou exclu reste tenu de ses obligations financi\u00e8res jusqu&#8217;au moment o\u00f9 son d\u00e9part prend effet.<\/p>\n<p><strong>Art. 9 \u2013 Organes<\/strong> <br \/>Les organes de l\u2019association sont :<\/p>\n<ul>\n<li>&nbsp;l\u2019assembl\u00e9e g\u00e9n\u00e9rale,<\/li>\n<li>le comit\u00e9,<\/li>\n<li>l\u2019organe de contr\u00f4le.<\/li>\n<\/ul>\n<p><strong>Art. 10 \u2013 L\u2019assembl\u00e9e g\u00e9n\u00e9rale<\/strong> <br \/>L\u2019assembl\u00e9e g\u00e9n\u00e9rale des membres est le pouvoir supr\u00eame de l\u2019association. <\/p>\n<p>Elle se r\u00e9unit au moins une fois par an, au premier semestre, sur convocation du comit\u00e9. Cette assembl\u00e9e g\u00e9n\u00e9rale ordinaire doit avoir lieu pendant la premi\u00e8re moiti\u00e9 de l\u2019ann\u00e9e civile.<\/p>\n<p>La convocation doit \u00eatre adress\u00e9e au moins trente jours \u00e0 l\u2019avance et mentionner les objets port\u00e9s \u00e0 l\u2019ordre du jour.<\/p>\n<p>Des assembl\u00e9es g\u00e9n\u00e9rales extraordinaires peuvent \u00eatre convoqu\u00e9es par la majorit\u00e9 des membres du comit\u00e9 ou \u00e0 la demande du cinqui\u00e8me du total des membres.<\/p>\n<p>Chaque membre peut donner un pouvoir \u00e9crit \u00e0 un autre membre pour la repr\u00e9senter \u00e0 l\u2019assembl\u00e9e g\u00e9n\u00e9rale. Aucun membre ne peut en repr\u00e9senter plus d&#8217;un autre.<\/p>\n<p>L\u2019assembl\u00e9e g\u00e9n\u00e9rale d\u00e9lib\u00e8re et peut valablement prendre des d\u00e9cisions pour autant qu\u2019une majorit\u00e9 des membres soient repr\u00e9sent\u00e9s. Sous r\u00e9serve des articles 18 et 19 des pr\u00e9sents statuts, ses d\u00e9cisions sont prises \u00e0 la majorit\u00e9 des membres pr\u00e9sents ou repr\u00e9sent\u00e9s. Elle est dirig\u00e9e par la pr\u00e9sidente ou le pr\u00e9sident ou, \u00e0 d\u00e9faut, par la vicepr\u00e9sidente ou le vice-pr\u00e9sident.<\/p>\n<p><strong>Art. 11 \u2013 Comp\u00e9tences de l\u2019assembl\u00e9e g\u00e9n\u00e9rale<\/strong> <br \/>L\u2019assembl\u00e9e g\u00e9n\u00e9rale est comp\u00e9tente pour : <\/p>\n<ul>\n<li>fixer le montant de la cotisation annuelle des membres;<\/li>\n<li>prononcer les admissions et confirmer les d\u00e9missions;<\/li>\n<li>d\u00e9cider des exclusions;<\/li>\n<li>adopter le rapport d\u2019activit\u00e9 et les comptes;<\/li>\n<li>adopter le budget annuel;<\/li>\n<li>adopter et modifier les r\u00e8glements et la charte \u00e9thique;<\/li>\n<li>adopter et modifier les statuts;<\/li>\n<li>\u00e9lire les membres du comit\u00e9 et l\u2019organe de contr\u00f4le;<\/li>\n<li>ratifier le r\u00e8glement d\u2019attribution et la composition du pool d\u2019expert-e-s;<\/li>\n<li>\u00e9lire le pr\u00e9sident ou la pr\u00e9sidente et le vice-pr\u00e9sident ou la vice pr\u00e9sidente.<\/li>\n<\/ul>\n<p><strong>Art. 12 \u2013 Le comit\u00e9<\/strong> <br \/>Le comit\u00e9 comprend sept \u00e0 douze membres qui sont des personnes physiques choisies au sein des membres de l\u2019association et sont \u00e9lues individuellement par l\u2019assembl\u00e9e g\u00e9n\u00e9rale pour une p\u00e9riode de deux ans ; la repr\u00e9sentation des genres doit \u00eatre \u00e9quilibr\u00e9. Le mandat est renouvelable trois fois.<\/p>\n<p>Les membres du comit\u00e9 exercent leur activit\u00e9 de mani\u00e8re b\u00e9n\u00e9vole.<br \/>Seuls les frais effectifs et les frais de d\u00e9placement peuvent \u00eatre indemnis\u00e9s.<\/p>\n<p>Le comit\u00e9 se r\u00e9unit aussi souvent qu\u2019il l\u2019estime n\u00e9cessaire, mais au minimum quatre fois par ann\u00e9e. Il doit \u00eatre convoqu\u00e9 si quatre de ses membres au moins en font la demande ; sauf urgence, le d\u00e9lai de convocation est de dix jours. Les r\u00e9unions par visioconf\u00e9rence ou t\u00e9l\u00e9conf\u00e9rence sont possibles.<\/p>\n<p>Le comit\u00e9 si\u00e8ge valablement si la moiti\u00e9 au moins de ses membres est pr\u00e9sente.<\/p>\n<p>Les d\u00e9cisions du comit\u00e9 se prennent \u00e0 la majorit\u00e9 simple des personnes pr\u00e9sentes, avec au besoin une voix pr\u00e9pond\u00e9rante de la ou du pr\u00e9sident-e.<\/p>\n<p>Le pr\u00e9sident ou la pr\u00e9sidente ne fait pas obligatoirement partie d&#8217;une organisation membre.<\/p>\n<p><strong>Art. 13 \u2013 Comp\u00e9tences du comit\u00e9<\/strong> <br \/>Le comit\u00e9 a notamment les comp\u00e9tences suivantes : <\/p>\n<ul>\n<li>&nbsp;proposer \u00e0 l\u2019assembl\u00e9e g\u00e9n\u00e9rale le montant de la cotisation annuelle des membres;<\/li>\n<li>proposer et pr\u00e9aviser les admissions \u00e0 l\u2019assembl\u00e9e g\u00e9n\u00e9rale et lui soumettre les d\u00e9missions;<\/li>\n<li>d\u00e9signer un ou une secr\u00e9taire g\u00e9n\u00e9ral-e et un tr\u00e9sorier ou une tr\u00e9sori\u00e8re, le comit\u00e9 pouvant aussi confier le secr\u00e9tariat \u00e0 une entit\u00e9 tierce;<\/li>\n<li>veiller \u00e0 la bonne gestion de l\u2019association;<\/li>\n<li>proposer \u00e0 l\u2019assembl\u00e9e g\u00e9n\u00e9rale le r\u00e8glement d\u2019attribution et la composition du pool d\u2019experts ;<\/li>\n<li>pr\u00e9senter le rapport d\u2019activit\u00e9, et les comptes pour approbation.<\/li>\n<\/ul>\n<p><strong>Art. 14 \u2013 Jury<\/strong><br \/>Les jurys r\u00e9gionaux \u2013 germanophone, francophone et italophone \u2013 sont compos\u00e9s chacun de trois membres d\u00e9sign\u00e9s par le comit\u00e9 pour chaque session parmi les personnalit\u00e9s faisant partie du pool d\u2019experts agr\u00e9\u00e9s par le comit\u00e9 et ratifi\u00e9 par l\u2019AG.<\/p>\n<p>Le comit\u00e9 peut d\u00e9cider, \u00e0 titre exceptionnellement, de ne constituer qu&#8217;un seul ou deux jurys pour une session si les circonstances le justifient. Dans ce cas aussi, le comit\u00e9 veille \u00e0 ce que toutes les langues soient d\u00fbment prises en compte.<\/p>\n<p>La dur\u00e9e de fonction est de deux ans. Le mandat est renouvelable trois fois.<\/p>\n<p>Ils statuent \u00e0 trois membres, la repr\u00e9sentation des genres doit \u00eatre \u00e9quilibr\u00e9e. Ils comprennent deux journalistes professionnel-le-s et une personne provenant de la soci\u00e9t\u00e9 civile, personnalit\u00e9 ayant d\u00e9montr\u00e9 son int\u00e9r\u00eat pour le journalisme et sa plus-value pour la d\u00e9mocratie. Les membres d\u00e9lib\u00e8rent en toute ind\u00e9pendance sur l&#8217;attribution des soutiens financiers aux enqu\u00eates et reportages ; un membre ayant un conflit d&#8217;int\u00e9r\u00eats se r\u00e9cuse pour toute la session. Les d\u00e9cisions de chaque jury sont bas\u00e9es sur les dossiers \u00e9crits remis par les requ\u00e9rant-e-s. Elles assurent le plein respect des buts de l&#8217;association, en particulier les exigences des articles 3 \u00e0 3quater, dans leur version en vigueur au moment de l&#8217;attribution des fonds \u00e0 l&#8217;association par les personnes donatrices. Tout membre peut demander le vote \u00e0 bulletin secret.<\/p>\n<p>Les membres de ledit jury sont tenus \u00e0 un devoir de confidentialit\u00e9 quant aux informations qui leur sont soumises dans le cadre des projets d\u2019enqu\u00eate et de reportage journalistiques d\u00e9pos\u00e9s \u00e0 leur intention.<\/p>\n<p><strong>Art. 15 \u2013 Organe de contr\u00f4le <\/strong><br \/>L\u2019organe de contr\u00f4le est choisi en dehors des membres de l\u2019association. Il est \u00e9lu pour deux ans. Il est r\u00e9\u00e9ligible deux fois. Il est charg\u00e9 de la v\u00e9rification des comptes, qu&#8217;il peut r\u00e9aliser en tout temps, et pr\u00e9sente un rapport annuel \u00e9crit sur ses op\u00e9rations de contr\u00f4le.<\/p>\n<p><strong>Art. 16 \u2013 Exercice annuel <\/strong><br \/>L\u2019exercice annuel est l\u2019ann\u00e9e civile. <\/p>\n<p><strong>Art. 17 \u2013 Repr\u00e9sentation<\/strong><br \/>L\u2019association est engag\u00e9e financi\u00e8rement par les signatures conjointe de la ou du secr\u00e9taire g\u00e9n\u00e9ral-e, d&#8217;une part, et du pr\u00e9sident ou de la pr\u00e9sidente ou du vice-pr\u00e9sident ou de la vicepr\u00e9sidente, d&#8217;autre part.<\/p>\n<p>L\u2019association est engag\u00e9e dans tous les actes de la vie civile par le pr\u00e9sident ou la pr\u00e9sidente ou le vice-pr\u00e9sident ou la vice-pr\u00e9sidente.<\/p>\n<p><strong>Art. 18 \u2013 R\u00e9vision des statuts <\/strong><br \/>Les statuts peuvent \u00eatre r\u00e9vis\u00e9s par l\u2019assembl\u00e9e g\u00e9n\u00e9rale \u00e0 la majorit\u00e9 absolue des membres. <\/p>\n<p><strong>Art. 19 \u2013 Dissolution<\/strong> <br \/>L\u2019association peut \u00eatre dissoute par une assembl\u00e9e g\u00e9n\u00e9rale sp\u00e9cialement convoqu\u00e9e \u00e0 cet effet, annonc\u00e9e au moins trois mois \u00e0 l\u2019avance. La d\u00e9cision de dissolution doit \u00eatre prise \u00e0 la double majorit\u00e9 absolue des membres pr\u00e9sents et des membres de cat\u00e9gorie 1.<\/p>\n<p>Les avoirs de l\u2019association sont vers\u00e9s \u00e0 une ou plusieurs institutions aux buts similaires et b\u00e9n\u00e9ficiant de l\u2019exon\u00e9ration fiscale.<\/p>\n<p><strong>Art. 20 \u2013 Adoption et entr\u00e9e en vigueur <\/strong><br \/>Adopt\u00e9s lors de l\u2019assembl\u00e9e constitutive du 24 novembre 2020, les pr\u00e9sents statuts entrent imm\u00e9diatement en vigueur.<\/p>\n<p>06.06.2023<\/p>\n<\/div><\/div><\/div><\/div><\/div>\n","protected":false},"excerpt":{"rendered":"","protected":false},"author":1,"featured_media":0,"parent":0,"menu_order":0,"comment_status":"closed","ping_status":"closed","template":"100-width.php","meta":{"_acf_changed":false,"footnotes":""},"class_list":["post-6662","page","type-page","status-publish","hentry"],"acf":[],"yoast_head":"<!-- This site is optimized with the Yoast SEO plugin v27.4 - https:\/\/yoast.com\/product\/yoast-seo-wordpress\/ -->\n<title>Statuto - journaFONDS<\/title>\n<meta name=\"robots\" content=\"index, follow, max-snippet:-1, max-image-preview:large, max-video-preview:-1\" \/>\n<link rel=\"canonical\" href=\"https:\/\/www.journafonds.ch\/statuten\/\" \/>\n<meta property=\"og:locale\" content=\"it_IT\" \/>\n<meta property=\"og:type\" content=\"article\" \/>\n<meta property=\"og:title\" content=\"Statuto - journaFONDS\" \/>\n<meta property=\"og:url\" content=\"https:\/\/www.journafonds.ch\/statuten\/\" \/>\n<meta property=\"og:site_name\" content=\"journaFONDS\" \/>\n<meta property=\"article:modified_time\" content=\"2025-12-29T08:34:29+00:00\" \/>\n<meta name=\"twitter:card\" content=\"summary_large_image\" \/>\n<meta name=\"twitter:label1\" content=\"Tempo di lettura stimato\" \/>\n\t<meta name=\"twitter:data1\" content=\"14 minuti\" \/>\n<script type=\"application\/ld+json\" class=\"yoast-schema-graph\">{\"@context\":\"https:\\\/\\\/schema.org\",\"@graph\":[{\"@type\":\"WebPage\",\"@id\":\"https:\\\/\\\/www.journafonds.ch\\\/statuten\\\/\",\"url\":\"https:\\\/\\\/www.journafonds.ch\\\/statuten\\\/\",\"name\":\"Statuto - journaFONDS\",\"isPartOf\":{\"@id\":\"https:\\\/\\\/www.journafonds.ch\\\/#website\"},\"datePublished\":\"2025-12-10T08:45:46+00:00\",\"dateModified\":\"2025-12-29T08:34:29+00:00\",\"breadcrumb\":{\"@id\":\"https:\\\/\\\/www.journafonds.ch\\\/statuten\\\/#breadcrumb\"},\"inLanguage\":\"it-IT\",\"potentialAction\":[{\"@type\":\"ReadAction\",\"target\":[\"https:\\\/\\\/www.journafonds.ch\\\/statuten\\\/\"]}]},{\"@type\":\"BreadcrumbList\",\"@id\":\"https:\\\/\\\/www.journafonds.ch\\\/statuten\\\/#breadcrumb\",\"itemListElement\":[{\"@type\":\"ListItem\",\"position\":1,\"name\":\"Start\",\"item\":\"https:\\\/\\\/www.journafonds.ch\\\/it\\\/\"},{\"@type\":\"ListItem\",\"position\":2,\"name\":\"Statuto\"}]},{\"@type\":\"WebSite\",\"@id\":\"https:\\\/\\\/www.journafonds.ch\\\/#website\",\"url\":\"https:\\\/\\\/www.journafonds.ch\\\/\",\"name\":\"journaFONDS\",\"description\":\"Fribourg | Fonds f\u00fcr investigativen Journalismus\",\"potentialAction\":[{\"@type\":\"SearchAction\",\"target\":{\"@type\":\"EntryPoint\",\"urlTemplate\":\"https:\\\/\\\/www.journafonds.ch\\\/?s={search_term_string}\"},\"query-input\":{\"@type\":\"PropertyValueSpecification\",\"valueRequired\":true,\"valueName\":\"search_term_string\"}}],\"inLanguage\":\"it-IT\"}]}<\/script>\n<!-- \/ Yoast SEO plugin. -->","yoast_head_json":{"title":"Statuto - journaFONDS","robots":{"index":"index","follow":"follow","max-snippet":"max-snippet:-1","max-image-preview":"max-image-preview:large","max-video-preview":"max-video-preview:-1"},"canonical":"https:\/\/www.journafonds.ch\/statuten\/","og_locale":"it_IT","og_type":"article","og_title":"Statuto - journaFONDS","og_url":"https:\/\/www.journafonds.ch\/statuten\/","og_site_name":"journaFONDS","article_modified_time":"2025-12-29T08:34:29+00:00","twitter_card":"summary_large_image","twitter_misc":{"Tempo di lettura stimato":"14 minuti"},"schema":{"@context":"https:\/\/schema.org","@graph":[{"@type":"WebPage","@id":"https:\/\/www.journafonds.ch\/statuten\/","url":"https:\/\/www.journafonds.ch\/statuten\/","name":"Statuto - journaFONDS","isPartOf":{"@id":"https:\/\/www.journafonds.ch\/#website"},"datePublished":"2025-12-10T08:45:46+00:00","dateModified":"2025-12-29T08:34:29+00:00","breadcrumb":{"@id":"https:\/\/www.journafonds.ch\/statuten\/#breadcrumb"},"inLanguage":"it-IT","potentialAction":[{"@type":"ReadAction","target":["https:\/\/www.journafonds.ch\/statuten\/"]}]},{"@type":"BreadcrumbList","@id":"https:\/\/www.journafonds.ch\/statuten\/#breadcrumb","itemListElement":[{"@type":"ListItem","position":1,"name":"Start","item":"https:\/\/www.journafonds.ch\/it\/"},{"@type":"ListItem","position":2,"name":"Statuto"}]},{"@type":"WebSite","@id":"https:\/\/www.journafonds.ch\/#website","url":"https:\/\/www.journafonds.ch\/","name":"journaFONDS","description":"Fribourg | Fonds f\u00fcr investigativen Journalismus","potentialAction":[{"@type":"SearchAction","target":{"@type":"EntryPoint","urlTemplate":"https:\/\/www.journafonds.ch\/?s={search_term_string}"},"query-input":{"@type":"PropertyValueSpecification","valueRequired":true,"valueName":"search_term_string"}}],"inLanguage":"it-IT"}]}},"_links":{"self":[{"href":"https:\/\/www.journafonds.ch\/it\/wp-json\/wp\/v2\/pages\/6662","targetHints":{"allow":["GET"]}}],"collection":[{"href":"https:\/\/www.journafonds.ch\/it\/wp-json\/wp\/v2\/pages"}],"about":[{"href":"https:\/\/www.journafonds.ch\/it\/wp-json\/wp\/v2\/types\/page"}],"author":[{"embeddable":true,"href":"https:\/\/www.journafonds.ch\/it\/wp-json\/wp\/v2\/users\/1"}],"replies":[{"embeddable":true,"href":"https:\/\/www.journafonds.ch\/it\/wp-json\/wp\/v2\/comments?post=6662"}],"version-history":[{"count":2,"href":"https:\/\/www.journafonds.ch\/it\/wp-json\/wp\/v2\/pages\/6662\/revisions"}],"predecessor-version":[{"id":6865,"href":"https:\/\/www.journafonds.ch\/it\/wp-json\/wp\/v2\/pages\/6662\/revisions\/6865"}],"wp:attachment":[{"href":"https:\/\/www.journafonds.ch\/it\/wp-json\/wp\/v2\/media?parent=6662"}],"curies":[{"name":"wp","href":"https:\/\/api.w.org\/{rel}","templated":true}]}}