{"id":5282,"date":"2025-11-12T12:13:53","date_gmt":"2025-11-12T12:13:53","guid":{"rendered":"https:\/\/www.journafonds.ch\/declaration-de-confidentialite\/"},"modified":"2026-02-22T14:11:00","modified_gmt":"2026-02-22T14:11:00","slug":"politica-sulla-privacy","status":"publish","type":"page","link":"https:\/\/www.journafonds.ch\/it\/politica-sulla-privacy\/","title":{"rendered":"Politica sulla privacy"},"content":{"rendered":"<div class=\"fusion-fullwidth fullwidth-box fusion-builder-row-1 fusion-flex-container has-pattern-background has-mask-background nonhundred-percent-fullwidth non-hundred-percent-height-scrolling\" style=\"--awb-border-radius-top-left:0px;--awb-border-radius-top-right:0px;--awb-border-radius-bottom-right:0px;--awb-border-radius-bottom-left:0px;--awb-padding-bottom:100px;--awb-padding-bottom-medium:80px;--awb-padding-bottom-small:70px;--awb-flex-wrap:wrap;\" ><div class=\"fusion-builder-row fusion-row fusion-flex-align-items-flex-start fusion-flex-align-content-center fusion-flex-justify-content-center fusion-flex-content-wrap\" style=\"max-width:1269.99px;margin-left: calc(-3% \/ 2 );margin-right: calc(-3% \/ 2 );\"><div class=\"fusion-layout-column fusion_builder_column fusion-builder-column-0 fusion_builder_column_1_1 1_1 fusion-flex-column\" style=\"--awb-bg-size:cover;--awb-width-large:100%;--awb-spacing-right-large:1.455%;--awb-margin-bottom-large:0px;--awb-spacing-left-large:1.455%;--awb-width-medium:100%;--awb-order-medium:0;--awb-spacing-right-medium:1.455%;--awb-spacing-left-medium:1.455%;--awb-width-small:100%;--awb-order-small:0;--awb-spacing-right-small:1.455%;--awb-spacing-left-small:1.455%;\"><div class=\"fusion-column-wrapper fusion-column-has-shadow fusion-flex-justify-content-flex-start fusion-content-layout-column\"><div class=\"fusion-text fusion-text-1 fusion-text-no-margin\" style=\"--awb-font-size:var(--awb-typography3-font-size);--awb-line-height:var(--awb-typography3-line-height);--awb-letter-spacing:var(--awb-typography3-letter-spacing);--awb-text-transform:var(--awb-typography3-text-transform);--awb-margin-bottom:30px;--awb-text-font-family:var(--awb-typography3-font-family);--awb-text-font-weight:var(--awb-typography3-font-weight);--awb-text-font-style:var(--awb-typography3-font-style);\"><p>L&#8217;organisme responsable en termes de lois sur la protection des donn\u00e9es, en particulier le r\u00e8glement g\u00e9n\u00e9ral de l&#8217;UE sur la protection des donn\u00e9es (RGPD), est :<\/p>\n<p>JournaFONDS<br \/>\nJean Fran\u00e7ois Tanda<br \/>\nSchanzeneggstrasse 1<br \/>\n8002 Zurigo<\/p>\n<p>T\u00e9l\u00e9phone: <a href=\"tel:0041795099110\">+41 79 509 91 10<\/a><br \/>\nCourriel: <a href=\"&#x6d;&#x61;&#105;&#108;t&#x6f;&#x3a;&#x69;&#110;&#102;o&#x40;&#x6a;&#x6f;&#117;&#114;n&#x61;&#x66;&#x6f;&#110;&#100;s&#x2e;&#x63;&#x68;\">&#x69;&#110;&#x66;&#x6f;&#64;&#x6a;&#111;u&#x72;&#110;a&#x66;&#111;n&#x64;&#115;&#46;&#x63;&#104;<\/a><br \/>\nSite web: <a href=\"https:\/\/www.journafonds.ch\">https:\/\/www.journafonds.ch<\/a><\/p>\n<\/div><div class=\"fusion-title title fusion-title-1 fusion-sep-none fusion-title-text fusion-title-size-three\" style=\"--awb-text-color:var(--awb-color2);--awb-margin-bottom:0px;--awb-margin-top-small:10px;--awb-margin-right-small:0px;--awb-margin-bottom-small:10px;--awb-margin-left-small:0px;--awb-font-size:var(--awb-typography4-font-size);\"><h3 class=\"fusion-title-heading title-heading-left fusion-responsive-typography-calculated\" style=\"font-family:var(--awb-typography4-font-family);font-weight:var(--awb-typography4-font-weight);font-style:var(--awb-typography4-font-style);margin:0;letter-spacing:var(--awb-typography4-letter-spacing);text-transform:var(--awb-typography4-text-transform);font-size:1em;--fontSize:28;line-height:var(--awb-typography4-line-height);\">Informations g\u00e9n\u00e9rales<\/h3><\/div><div class=\"fusion-text fusion-text-2\" style=\"--awb-font-size:var(--awb-typography3-font-size);--awb-line-height:var(--awb-typography3-line-height);--awb-letter-spacing:var(--awb-typography3-letter-spacing);--awb-text-transform:var(--awb-typography3-text-transform);--awb-text-font-family:var(--awb-typography3-font-family);--awb-text-font-weight:var(--awb-typography3-font-weight);--awb-text-font-style:var(--awb-typography3-font-style);\"><p>En vertu de l&#8217;article 13 de la Constitution f\u00e9d\u00e9rale suisse et de la r\u00e9glementation de la Conf\u00e9d\u00e9ration suisse en mati\u00e8re de protection des donn\u00e9es (loi sur la protection des donn\u00e9es, LPD), toute personne a droit \u00e0 la protection de sa vie priv\u00e9e ainsi qu&#8217;\u00e0 la protection contre l&#8217;utilisation abusive de ses donn\u00e9es personnelles. Les op\u00e9rateurs de ces pages prennent tr\u00e8s au s\u00e9rieux la protection de vos donn\u00e9es personnelles. Nous traitons vos donn\u00e9es personnelles de mani\u00e8re confidentielle et conform\u00e9ment aux dispositions l\u00e9gales en mati\u00e8re de protection des donn\u00e9es ainsi qu&#8217;\u00e0 la pr\u00e9sente d\u00e9claration de protection des donn\u00e9es.<\/p>\n<p>En collaboration avec nos fournisseurs d&#8217;h\u00e9bergement, nous nous effor\u00e7ons de prot\u00e9ger au mieux les bases de donn\u00e9es contre tout acc\u00e8s non autoris\u00e9, toute perte, tout usage abusif ou toute falsification.<\/p>\n<p>Nous attirons l&#8217;attention sur le fait que la transmission de donn\u00e9es sur Internet (par exemple, la communication par e-mail) peut pr\u00e9senter des failles de s\u00e9curit\u00e9. Une protection compl\u00e8te des donn\u00e9es contre l&#8217;acc\u00e8s par des tiers n&#8217;est pas possible.<\/p>\n<p>En utilisant ce site web, vous acceptez la collecte, le traitement et l&#8217;utilisation des donn\u00e9es conform\u00e9ment \u00e0 la description suivante. En principe, ce site web peut \u00eatre visit\u00e9 sans enregistrement. Les donn\u00e9es telles que les pages consult\u00e9es ou les noms de fichiers consult\u00e9s, la date et l&#8217;heure sont enregistr\u00e9es sur le serveur \u00e0 des fins statistiques sans que ces donn\u00e9es soient directement li\u00e9es \u00e0 votre personne. Les donn\u00e9es personnelles, notamment le nom, l&#8217;adresse ou l&#8217;adresse \u00e9lectronique, sont collect\u00e9es dans la mesure du possible sur une base volontaire. Aucune donn\u00e9e ne sera transmise \u00e0 des tiers sans votre consentement.<\/p>\n<\/div><div class=\"fusion-title title fusion-title-2 fusion-sep-none fusion-title-text fusion-title-size-three\" style=\"--awb-text-color:var(--awb-color2);--awb-margin-bottom:0px;--awb-margin-top-small:10px;--awb-margin-right-small:0px;--awb-margin-bottom-small:10px;--awb-margin-left-small:0px;--awb-font-size:var(--awb-typography4-font-size);\"><h3 class=\"fusion-title-heading title-heading-left fusion-responsive-typography-calculated\" style=\"font-family:var(--awb-typography4-font-family);font-weight:var(--awb-typography4-font-weight);font-style:var(--awb-typography4-font-style);margin:0;letter-spacing:var(--awb-typography4-letter-spacing);text-transform:var(--awb-typography4-text-transform);font-size:1em;--fontSize:28;line-height:var(--awb-typography4-line-height);\">Traitement des donn\u00e9es \u00e0 caract\u00e8re personnel<\/h3><\/div><div class=\"fusion-text fusion-text-3\" style=\"--awb-font-size:var(--awb-typography3-font-size);--awb-line-height:var(--awb-typography3-line-height);--awb-letter-spacing:var(--awb-typography3-letter-spacing);--awb-text-transform:var(--awb-typography3-text-transform);--awb-text-font-family:var(--awb-typography3-font-family);--awb-text-font-weight:var(--awb-typography3-font-weight);--awb-text-font-style:var(--awb-typography3-font-style);\"><p>Les donn\u00e9es personnelles sont toutes informations qui se rapportent \u00e0 une personne sp\u00e9cifique ou identifiable. Une personne concern\u00e9e est une personne au sujet de laquelle des donn\u00e9es \u00e0 caract\u00e8re personnel sont trait\u00e9es. Le traitement comprend toute manipulation de donn\u00e9es \u00e0 caract\u00e8re personnel, quels que soient les moyens et les proc\u00e9dures utilis\u00e9s, en particulier le stockage, la divulgation, l&#8217;acquisition, l&#8217;effacement, la conservation, la modification, la destruction et l&#8217;utilisation des donn\u00e9es \u00e0 caract\u00e8re personnel.<\/p>\n<p>Nous traitons les donn\u00e9es personnelles conform\u00e9ment \u00e0 la loi suisse sur la protection des donn\u00e9es. En outre, nous traitons les donn\u00e9es personnelles \u2013dans la mesure et pour autant que le r\u00e8glement europ\u00e9en sur la protection des donn\u00e9es soit applicable \u2013 conform\u00e9ment aux bases juridiques suivantes en lien avec l&#8217;article 6 (1) RGPD :<\/p>\n<ul>\n<li>lit. a) traitement des donn\u00e9es personnelles avec le consentement de la personne concern\u00e9e.<\/li>\n<li>lit. b) traitement des donn\u00e9es personnelles pour l&#8217;ex\u00e9cution d&#8217;un contrat avec la personne concern\u00e9e ainsi que pour la mise en \u0153uvre des mesures pr\u00e9contractuelles correspondantes.<\/li>\n<li>lit. c) traitement des donn\u00e9es \u00e0 caract\u00e8re personnel afin de se conformer \u00e0 une obligation l\u00e9gale \u00e0 laquelle nous sommes soumis en vertu de toute l\u00e9gislation europ\u00e9enne applicable ou de toute l\u00e9gislation applicable d&#8217;un pays dans lequel le GDPR s&#8217;applique en tout ou en partie.<\/li>\n<li>lit. d) traitement des donn\u00e9es \u00e0 caract\u00e8re personnel afin de prot\u00e9ger les int\u00e9r\u00eats vitaux de la personne concern\u00e9e ou d&#8217;une autre personne physique.<\/li>\n<li>lit. f) traitement des donn\u00e9es personnelles afin de prot\u00e9ger nos int\u00e9r\u00eats l\u00e9gitimes ou ceux de tiers, \u00e0 condition que les libert\u00e9s fondamentales et les droits et int\u00e9r\u00eats de la personne concern\u00e9e ne pr\u00e9valent pas. Les int\u00e9r\u00eats l\u00e9gitimes comprennent, en particulier, notre int\u00e9r\u00eat commercial \u00e0 pouvoir fournir notre site web, la s\u00e9curit\u00e9 des informations, l&#8217;application de nos propres revendications l\u00e9gales et le respect de la l\u00e9gislation suisse.<\/li>\n<\/ul>\n<p>Nous traitons les donn\u00e9es personnelles pendant la dur\u00e9e n\u00e9cessaire \u00e0 la ou aux finalit\u00e9s respectives. Dans le cas d&#8217;obligations de conservation \u00e0 plus long terme dues \u00e0 des obligations l\u00e9gales et autres auxquelles nous sommes soumis, nous limitons le traitement en cons\u00e9quence.<\/p>\n<\/div><div class=\"fusion-title title fusion-title-3 fusion-sep-none fusion-title-text fusion-title-size-three\" style=\"--awb-text-color:var(--awb-color2);--awb-margin-bottom:0px;--awb-margin-top-small:10px;--awb-margin-right-small:0px;--awb-margin-bottom-small:10px;--awb-margin-left-small:0px;--awb-font-size:var(--awb-typography4-font-size);\"><h3 class=\"fusion-title-heading title-heading-left fusion-responsive-typography-calculated\" style=\"font-family:var(--awb-typography4-font-family);font-weight:var(--awb-typography4-font-weight);font-style:var(--awb-typography4-font-style);margin:0;letter-spacing:var(--awb-typography4-letter-spacing);text-transform:var(--awb-typography4-text-transform);font-size:1em;--fontSize:28;line-height:var(--awb-typography4-line-height);\">Politique de confidentialit\u00e9 pour les cookies<\/h3><\/div><div class=\"fusion-text fusion-text-4\" style=\"--awb-font-size:var(--awb-typography3-font-size);--awb-line-height:var(--awb-typography3-line-height);--awb-letter-spacing:var(--awb-typography3-letter-spacing);--awb-text-transform:var(--awb-typography3-text-transform);--awb-text-font-family:var(--awb-typography3-font-family);--awb-text-font-weight:var(--awb-typography3-font-weight);--awb-text-font-style:var(--awb-typography3-font-style);\"><p>Ce site web utilise des cookies. Il s&#8217;agit de petits fichiers texte qui permettent de stocker des informations sp\u00e9cifiques, li\u00e9es \u00e0 l&#8217;utilisateur, sur le terminal de l&#8217;utilisateur pendant que celui-ci utilise le site web. Les cookies permettent notamment de d\u00e9terminer la fr\u00e9quence d&#8217;utilisation et le nombre d&#8217;utilisateurs des pages, d&#8217;analyser les comportements d&#8217;utilisation des pages, mais aussi de rendre notre offre plus conviviale. Les cookies restent stock\u00e9s apr\u00e8s la fin d&#8217;une session de navigation et peuvent \u00eatre r\u00e9cup\u00e9r\u00e9s lorsque vous visitez \u00e0 nouveau le site. Si vous ne souhaitez pas que cela se produise, vous devez configurer votre navigateur Internet de mani\u00e8re \u00e0 ce qu&#8217;il refuse d&#8217;accepter les cookies.<\/p>\n<p>Une objection g\u00e9n\u00e9rale \u00e0 l&#8217;utilisation de cookies utilis\u00e9s \u00e0 des fins de marketing en ligne peut \u00eatre d\u00e9clar\u00e9e pour un grand nombre de services, notamment en cas de suivi, via le site am\u00e9ricain <a href=\"http:\/\/www.aboutads.info\/choices\">http:\/\/www.aboutads.info\/choices<\/a> ou le site europ\u00e9en <a href=\"http:\/\/www.youronlinechoices.com\">http:\/\/www.youronlinechoices.com<\/a>. En outre, le stockage des cookies peut \u00eatre r\u00e9alis\u00e9 en les d\u00e9sactivant dans les param\u00e8tres du navigateur. Veuillez noter que dans ce cas, toutes les fonctions de cette offre en ligne ne peuvent \u00eatre utilis\u00e9es.<\/p>\n<\/div><div class=\"fusion-title title fusion-title-4 fusion-sep-none fusion-title-text fusion-title-size-three\" style=\"--awb-text-color:var(--awb-color2);--awb-margin-bottom:0px;--awb-margin-top-small:10px;--awb-margin-right-small:0px;--awb-margin-bottom-small:10px;--awb-margin-left-small:0px;--awb-font-size:var(--awb-typography4-font-size);\"><h3 class=\"fusion-title-heading title-heading-left fusion-responsive-typography-calculated\" style=\"font-family:var(--awb-typography4-font-family);font-weight:var(--awb-typography4-font-weight);font-style:var(--awb-typography4-font-style);margin:0;letter-spacing:var(--awb-typography4-letter-spacing);text-transform:var(--awb-typography4-text-transform);font-size:1em;--fontSize:28;line-height:var(--awb-typography4-line-height);\">D\u00e9claration de protection des donn\u00e9es pour le formulaire de contact<\/h3><\/div><div class=\"fusion-text fusion-text-5\" style=\"--awb-font-size:var(--awb-typography3-font-size);--awb-line-height:var(--awb-typography3-line-height);--awb-letter-spacing:var(--awb-typography3-letter-spacing);--awb-text-transform:var(--awb-typography3-text-transform);--awb-text-font-family:var(--awb-typography3-font-family);--awb-text-font-weight:var(--awb-typography3-font-weight);--awb-text-font-style:var(--awb-typography3-font-style);\"><p>Si vous nous envoyez des demandes par le biais du formulaire de contact, les donn\u00e9es du formulaire de demande, y compris les coordonn\u00e9es que vous y avez fournies, seront stock\u00e9es par nous dans le but de traiter la demande et en cas de demandes de suivi. Nous ne transmettons pas ces donn\u00e9es sans votre consentement.<\/p>\n<\/div><div class=\"fusion-title title fusion-title-5 fusion-sep-none fusion-title-text fusion-title-size-three\" style=\"--awb-text-color:var(--awb-color2);--awb-margin-bottom:0px;--awb-margin-top-small:10px;--awb-margin-right-small:0px;--awb-margin-bottom-small:10px;--awb-margin-left-small:0px;--awb-font-size:var(--awb-typography4-font-size);\"><h3 class=\"fusion-title-heading title-heading-left fusion-responsive-typography-calculated\" style=\"font-family:var(--awb-typography4-font-family);font-weight:var(--awb-typography4-font-weight);font-style:var(--awb-typography4-font-style);margin:0;letter-spacing:var(--awb-typography4-letter-spacing);text-transform:var(--awb-typography4-text-transform);font-size:1em;--fontSize:28;line-height:var(--awb-typography4-line-height);\">D\u00e9claration de protection des donn\u00e9es pour les donn\u00e9es de la newsletter<\/h3><\/div><div class=\"fusion-text fusion-text-6\" style=\"--awb-font-size:var(--awb-typography3-font-size);--awb-line-height:var(--awb-typography3-line-height);--awb-letter-spacing:var(--awb-typography3-letter-spacing);--awb-text-transform:var(--awb-typography3-text-transform);--awb-text-font-family:var(--awb-typography3-font-family);--awb-text-font-weight:var(--awb-typography3-font-weight);--awb-text-font-style:var(--awb-typography3-font-style);\"><p>Si vous souhaitez recevoir la lettre d&#8217;information propos\u00e9e sur ce site web, nous avons besoin d&#8217;une adresse \u00e9lectronique de votre part ainsi que d&#8217;informations nous permettant de v\u00e9rifier que vous \u00eates le propri\u00e9taire de l&#8217;adresse \u00e9lectronique fournie et que vous acceptez de recevoir la lettre d&#8217;information. D&#8217;autres donn\u00e9es ne seront pas collect\u00e9es. Nous utilisons ces donn\u00e9es exclusivement pour envoyer les informations demand\u00e9es et ne les transmettons pas \u00e0 des tiers.<\/p>\n<p>Vous pouvez \u00e0 tout moment r\u00e9voquer votre consentement \u00e0 la conservation des donn\u00e9es, de l&#8217;adresse \u00e9lectronique et de leur utilisation pour l&#8217;envoi de la newsletter, par exemple via le \u00ab lien de d\u00e9sinscription \u00bb figurant dans la newsletter.<\/p>\n<\/div><div class=\"fusion-title title fusion-title-6 fusion-sep-none fusion-title-text fusion-title-size-three\" style=\"--awb-text-color:var(--awb-color2);--awb-margin-bottom:0px;--awb-margin-top-small:10px;--awb-margin-right-small:0px;--awb-margin-bottom-small:10px;--awb-margin-left-small:0px;--awb-font-size:var(--awb-typography4-font-size);\"><h3 class=\"fusion-title-heading title-heading-left fusion-responsive-typography-calculated\" style=\"font-family:var(--awb-typography4-font-family);font-weight:var(--awb-typography4-font-weight);font-style:var(--awb-typography4-font-style);margin:0;letter-spacing:var(--awb-typography4-letter-spacing);text-transform:var(--awb-typography4-text-transform);font-size:1em;--fontSize:28;line-height:var(--awb-typography4-line-height);\">Changements<\/h3><\/div><div class=\"fusion-text fusion-text-7\" style=\"--awb-font-size:var(--awb-typography3-font-size);--awb-line-height:var(--awb-typography3-line-height);--awb-letter-spacing:var(--awb-typography3-letter-spacing);--awb-text-transform:var(--awb-typography3-text-transform);--awb-text-font-family:var(--awb-typography3-font-family);--awb-text-font-weight:var(--awb-typography3-font-weight);--awb-text-font-style:var(--awb-typography3-font-style);\"><p>Nous pouvons adapter cette d\u00e9claration de protection des donn\u00e9es \u00e0 tout moment sans pr\u00e9avis. La version actuelle publi\u00e9e sur notre site web s&#8217;applique. Dans la mesure o\u00f9 la d\u00e9claration de protection des donn\u00e9es fait partie d&#8217;un accord avec vous, nous vous informerons de la modification par e-mail ou par tout autre moyen appropri\u00e9 en cas de mise \u00e0 jour.<\/p>\n<\/div><div class=\"fusion-title title fusion-title-7 fusion-sep-none fusion-title-text fusion-title-size-three\" style=\"--awb-text-color:var(--awb-color2);--awb-margin-bottom:0px;--awb-margin-top-small:10px;--awb-margin-right-small:0px;--awb-margin-bottom-small:10px;--awb-margin-left-small:0px;--awb-font-size:var(--awb-typography4-font-size);\"><h3 class=\"fusion-title-heading title-heading-left fusion-responsive-typography-calculated\" style=\"font-family:var(--awb-typography4-font-family);font-weight:var(--awb-typography4-font-weight);font-style:var(--awb-typography4-font-style);margin:0;letter-spacing:var(--awb-typography4-letter-spacing);text-transform:var(--awb-typography4-text-transform);font-size:1em;--fontSize:28;line-height:var(--awb-typography4-line-height);\">Questions au d\u00e9l\u00e9gu\u00e9 \u00e0 la protection des donn\u00e9es<\/h3><\/div><div class=\"fusion-text fusion-text-8\" style=\"--awb-font-size:var(--awb-typography3-font-size);--awb-line-height:var(--awb-typography3-line-height);--awb-letter-spacing:var(--awb-typography3-letter-spacing);--awb-text-transform:var(--awb-typography3-text-transform);--awb-text-font-family:var(--awb-typography3-font-family);--awb-text-font-weight:var(--awb-typography3-font-weight);--awb-text-font-style:var(--awb-typography3-font-style);\"><p>Si vous avez des questions sur la protection des donn\u00e9es, veuillez nous \u00e9crire par courriel ou contacter directement le responsable de la protection des donn\u00e9es de notre organisation, dont le nom figure au d\u00e9but de la pr\u00e9sente d\u00e9claration de confidentialit\u00e9.<\/p>\n<p>Zurich, 01.06.2021<br \/>\nSource: <a href=\"https:\/\/www.swissanwalt.ch\/\">SwissAnwalt<\/a><\/p>\n<\/div><\/div><\/div><\/div><\/div>\n","protected":false},"excerpt":{"rendered":"","protected":false},"author":1,"featured_media":0,"parent":0,"menu_order":0,"comment_status":"closed","ping_status":"closed","template":"100-width.php","meta":{"_acf_changed":false,"footnotes":""},"class_list":["post-5282","page","type-page","status-publish","hentry"],"acf":[],"yoast_head":"<!-- This site is optimized with the Yoast SEO plugin v27.4 - https:\/\/yoast.com\/product\/yoast-seo-wordpress\/ -->\n<title>Politica sulla privacy - journaFONDS<\/title>\n<meta name=\"robots\" content=\"index, follow, max-snippet:-1, max-image-preview:large, max-video-preview:-1\" \/>\n<link rel=\"canonical\" href=\"https:\/\/www.journafonds.ch\/datenschutzerklaerung\/\" \/>\n<meta property=\"og:locale\" content=\"it_IT\" \/>\n<meta property=\"og:type\" content=\"article\" \/>\n<meta property=\"og:title\" content=\"Politica sulla privacy - journaFONDS\" \/>\n<meta property=\"og:url\" content=\"https:\/\/www.journafonds.ch\/datenschutzerklaerung\/\" \/>\n<meta property=\"og:site_name\" content=\"journaFONDS\" \/>\n<meta property=\"article:modified_time\" content=\"2026-02-22T14:11:00+00:00\" \/>\n<meta name=\"twitter:card\" content=\"summary_large_image\" \/>\n<meta name=\"twitter:label1\" content=\"Tempo di lettura stimato\" \/>\n\t<meta name=\"twitter:data1\" content=\"18 minuti\" \/>\n<script type=\"application\/ld+json\" class=\"yoast-schema-graph\">{\"@context\":\"https:\\\/\\\/schema.org\",\"@graph\":[{\"@type\":\"WebPage\",\"@id\":\"https:\\\/\\\/www.journafonds.ch\\\/datenschutzerklaerung\\\/\",\"url\":\"https:\\\/\\\/www.journafonds.ch\\\/datenschutzerklaerung\\\/\",\"name\":\"Politica sulla privacy - journaFONDS\",\"isPartOf\":{\"@id\":\"https:\\\/\\\/www.journafonds.ch\\\/#website\"},\"datePublished\":\"2025-11-12T12:13:53+00:00\",\"dateModified\":\"2026-02-22T14:11:00+00:00\",\"breadcrumb\":{\"@id\":\"https:\\\/\\\/www.journafonds.ch\\\/datenschutzerklaerung\\\/#breadcrumb\"},\"inLanguage\":\"it-IT\",\"potentialAction\":[{\"@type\":\"ReadAction\",\"target\":[\"https:\\\/\\\/www.journafonds.ch\\\/datenschutzerklaerung\\\/\"]}]},{\"@type\":\"BreadcrumbList\",\"@id\":\"https:\\\/\\\/www.journafonds.ch\\\/datenschutzerklaerung\\\/#breadcrumb\",\"itemListElement\":[{\"@type\":\"ListItem\",\"position\":1,\"name\":\"Start\",\"item\":\"https:\\\/\\\/www.journafonds.ch\\\/it\\\/\"},{\"@type\":\"ListItem\",\"position\":2,\"name\":\"Politica sulla privacy\"}]},{\"@type\":\"WebSite\",\"@id\":\"https:\\\/\\\/www.journafonds.ch\\\/#website\",\"url\":\"https:\\\/\\\/www.journafonds.ch\\\/\",\"name\":\"journaFONDS\",\"description\":\"Fribourg | Fonds f\u00fcr investigativen Journalismus\",\"potentialAction\":[{\"@type\":\"SearchAction\",\"target\":{\"@type\":\"EntryPoint\",\"urlTemplate\":\"https:\\\/\\\/www.journafonds.ch\\\/?s={search_term_string}\"},\"query-input\":{\"@type\":\"PropertyValueSpecification\",\"valueRequired\":true,\"valueName\":\"search_term_string\"}}],\"inLanguage\":\"it-IT\"}]}<\/script>\n<!-- \/ Yoast SEO plugin. -->","yoast_head_json":{"title":"Politica sulla privacy - journaFONDS","robots":{"index":"index","follow":"follow","max-snippet":"max-snippet:-1","max-image-preview":"max-image-preview:large","max-video-preview":"max-video-preview:-1"},"canonical":"https:\/\/www.journafonds.ch\/datenschutzerklaerung\/","og_locale":"it_IT","og_type":"article","og_title":"Politica sulla privacy - journaFONDS","og_url":"https:\/\/www.journafonds.ch\/datenschutzerklaerung\/","og_site_name":"journaFONDS","article_modified_time":"2026-02-22T14:11:00+00:00","twitter_card":"summary_large_image","twitter_misc":{"Tempo di lettura stimato":"18 minuti"},"schema":{"@context":"https:\/\/schema.org","@graph":[{"@type":"WebPage","@id":"https:\/\/www.journafonds.ch\/datenschutzerklaerung\/","url":"https:\/\/www.journafonds.ch\/datenschutzerklaerung\/","name":"Politica sulla privacy - journaFONDS","isPartOf":{"@id":"https:\/\/www.journafonds.ch\/#website"},"datePublished":"2025-11-12T12:13:53+00:00","dateModified":"2026-02-22T14:11:00+00:00","breadcrumb":{"@id":"https:\/\/www.journafonds.ch\/datenschutzerklaerung\/#breadcrumb"},"inLanguage":"it-IT","potentialAction":[{"@type":"ReadAction","target":["https:\/\/www.journafonds.ch\/datenschutzerklaerung\/"]}]},{"@type":"BreadcrumbList","@id":"https:\/\/www.journafonds.ch\/datenschutzerklaerung\/#breadcrumb","itemListElement":[{"@type":"ListItem","position":1,"name":"Start","item":"https:\/\/www.journafonds.ch\/it\/"},{"@type":"ListItem","position":2,"name":"Politica sulla privacy"}]},{"@type":"WebSite","@id":"https:\/\/www.journafonds.ch\/#website","url":"https:\/\/www.journafonds.ch\/","name":"journaFONDS","description":"Fribourg | Fonds f\u00fcr investigativen Journalismus","potentialAction":[{"@type":"SearchAction","target":{"@type":"EntryPoint","urlTemplate":"https:\/\/www.journafonds.ch\/?s={search_term_string}"},"query-input":{"@type":"PropertyValueSpecification","valueRequired":true,"valueName":"search_term_string"}}],"inLanguage":"it-IT"}]}},"_links":{"self":[{"href":"https:\/\/www.journafonds.ch\/it\/wp-json\/wp\/v2\/pages\/5282","targetHints":{"allow":["GET"]}}],"collection":[{"href":"https:\/\/www.journafonds.ch\/it\/wp-json\/wp\/v2\/pages"}],"about":[{"href":"https:\/\/www.journafonds.ch\/it\/wp-json\/wp\/v2\/types\/page"}],"author":[{"embeddable":true,"href":"https:\/\/www.journafonds.ch\/it\/wp-json\/wp\/v2\/users\/1"}],"replies":[{"embeddable":true,"href":"https:\/\/www.journafonds.ch\/it\/wp-json\/wp\/v2\/comments?post=5282"}],"version-history":[{"count":6,"href":"https:\/\/www.journafonds.ch\/it\/wp-json\/wp\/v2\/pages\/5282\/revisions"}],"predecessor-version":[{"id":7261,"href":"https:\/\/www.journafonds.ch\/it\/wp-json\/wp\/v2\/pages\/5282\/revisions\/7261"}],"wp:attachment":[{"href":"https:\/\/www.journafonds.ch\/it\/wp-json\/wp\/v2\/media?parent=5282"}],"curies":[{"name":"wp","href":"https:\/\/api.w.org\/{rel}","templated":true}]}}