{"id":6648,"date":"2025-12-10T08:46:08","date_gmt":"2025-12-10T08:46:08","guid":{"rendered":"https:\/\/www.journafonds.ch\/?page_id=6648"},"modified":"2025-12-11T08:49:29","modified_gmt":"2025-12-11T08:49:29","slug":"reglement","status":"publish","type":"page","link":"https:\/\/www.journafonds.ch\/de\/reglement\/","title":{"rendered":"Reglement"},"content":{"rendered":"<div class=\"fusion-fullwidth fullwidth-box fusion-builder-row-1 fusion-flex-container has-pattern-background has-mask-background nonhundred-percent-fullwidth non-hundred-percent-height-scrolling\" style=\"--awb-border-radius-top-left:0px;--awb-border-radius-top-right:0px;--awb-border-radius-bottom-right:0px;--awb-border-radius-bottom-left:0px;--awb-padding-bottom:100px;--awb-flex-wrap:wrap;\" ><div class=\"fusion-builder-row fusion-row fusion-flex-align-items-flex-start fusion-flex-content-wrap\" style=\"max-width:1269.99px;margin-left: calc(-3% \/ 2 );margin-right: calc(-3% \/ 2 );\"><div class=\"fusion-layout-column fusion_builder_column fusion-builder-column-0 fusion_builder_column_1_1 1_1 fusion-flex-column\" style=\"--awb-bg-size:cover;--awb-width-large:100%;--awb-spacing-right-large:1.455%;--awb-margin-bottom-large:0px;--awb-spacing-left-large:1.455%;--awb-width-medium:100%;--awb-order-medium:0;--awb-spacing-right-medium:1.455%;--awb-spacing-left-medium:1.455%;--awb-width-small:100%;--awb-order-small:0;--awb-spacing-right-small:1.455%;--awb-spacing-left-small:1.455%;\"><div class=\"fusion-column-wrapper fusion-column-has-shadow fusion-flex-justify-content-flex-start fusion-content-layout-column\"><div class=\"fusion-title title fusion-title-1 fusion-sep-none fusion-title-text fusion-title-size-three\" style=\"--awb-text-color:var(--awb-color2);--awb-margin-bottom:30px;--awb-margin-top-small:10px;--awb-margin-right-small:0px;--awb-margin-bottom-small:10px;--awb-margin-left-small:0px;--awb-font-size:var(--awb-typography4-font-size);\"><h3 class=\"fusion-title-heading title-heading-left fusion-responsive-typography-calculated\" style=\"font-family:var(--awb-typography4-font-family);font-weight:var(--awb-typography4-font-weight);font-style:var(--awb-typography4-font-style);margin:0;letter-spacing:var(--awb-typography4-letter-spacing);text-transform:var(--awb-typography4-text-transform);font-size:1em;--fontSize:28;line-height:var(--awb-typography4-line-height);\">Bedingungen f\u00fcr die Vergabe von JournaFONDS-Mitteln zur Unterst\u00fctzung journalistischer Projekte f\u00fcr Recherchen und Reportagen<\/h3><\/div><div class=\"fusion-text fusion-text-1\" style=\"--awb-font-size:var(--awb-typography3-font-size);--awb-line-height:var(--awb-typography3-line-height);--awb-letter-spacing:var(--awb-typography3-letter-spacing);--awb-text-transform:var(--awb-typography3-text-transform);--awb-text-font-family:var(--awb-typography3-font-family);--awb-text-font-weight:var(--awb-typography3-font-weight);--awb-text-font-style:var(--awb-typography3-font-style);\"><p><em>Allgemeines Reglement (Version 1. Juli 2025) <\/em><\/p>\n<\/div><div class=\"fusion-text fusion-text-2\" style=\"--awb-font-size:var(--awb-typography3-font-size);--awb-line-height:var(--awb-typography3-line-height);--awb-letter-spacing:var(--awb-typography3-letter-spacing);--awb-text-transform:var(--awb-typography3-text-transform);--awb-text-color:var(--awb-color2);--awb-text-font-family:var(--awb-typography3-font-family);--awb-text-font-weight:var(--awb-typography3-font-weight);--awb-text-font-style:var(--awb-typography3-font-style);\"><p><strong>1. Einleitende Bestimmungen<\/strong><\/p>\n<p>1.1. Die \u00f6ffentlichen und privaten Gelder, die JournaFONDS sammelt und vergibt, bezwecken, journalistische Recherchen und Reportagen von Medienschaffenden in der Schweiz zu f\u00f6rdern und zu st\u00e4rken \u2013 seien diese angestellt oder freischaffend. *<\/p>\n<p>1.2. Die vorliegenden Bestimmungen \u00fcber die Vergabebedingungen von JournaFONDSMitteln zur Unterst\u00fctzung journalistischer Projekte f\u00fcr Recherchen und Reportagen begr\u00fcnden keinen Anspruch auf die Unterst\u00fctzung von Projekten.<\/p>\n<p><strong>2. Kategorien der Unterst\u00fctzung <\/strong><\/p>\n<p>Es gibt zwei Kategorien der Unterst\u00fctzung:<\/p>\n<p>Kategorie 1, Anschubfinanzierung: Finanzielle Starthilfe zur Unterst\u00fctzung in der Anfangsphase des Projekts. H\u00f6chstbetrag: CHF 3&#8217;000.&#8211;.<\/p>\n<p>Kategorie 2, Ausf\u00fchrungsfinanzierung: Unterst\u00fctzung f\u00fcr Recherche, Dokumentation, schriftliche Ausfertigung. H\u00f6chstbetrag: CHF 10&#8217;000.&#8211;.<\/p>\n<p>Pro Jahr und Kategorie kann ein Journalist oder eine Journalistin nur einmal Unterst\u00fctzung erhalten.<\/p>\n<p><strong>3. Bewerbungen<\/strong><\/p>\n<p>3.1. Die Antragsteller:innen m\u00fcssen im Berufsregister (BR) eingetragen sein, das von den Berufsverb\u00e4nden impressum, SSM und Syndicom gef\u00fchrt ist, oder aber die Kriterien von Art. 3bis der Vereinsstatuten erf\u00fcllen. JournaFONDS bevorzugt freie Journalist:innen und\/oder Teilzeitangestellte.<\/p>\n<p>3.2. Kandidaten und Kandidatinnen f\u00fcr JournaFONDS-Mittel verpflichten sich, die Erkl\u00e4rung der Pflichten und Rechte von Journalistinnen und Journalisten einzuhalten und m\u00fcssen bei der Einreichung ihres Projektes deutlich aufzeigen:<\/p>\n<ul>\n<li>a. aus welcher der zwei Kategorien sie Unterst\u00fctzung w\u00fcnschen;<\/li>\n<li>b. wie diese Unterst\u00fctzung dabei hilft, bestimmte, bereits identifizierte und\/oder vorhersehbare Hindernisse in der Umsetzung ihrer Recherche zu \u00fcberwinden;<\/li>\n<li>c. wie sie beabsichtigen, die erhaltene finanzielle Unterst\u00fctzung zu verwenden, und zwar mittels einer Planung der Recherchephasen und erwarteter Zeitspannen (Budgetskizze und Zeitplan);<\/li>\n<li>d. welches die Fragestellung oder Hypothese ist, die als Ausgangspunkt f\u00fcr ihre Recherche oder Reportage dient;<\/li>\n<li>e. die vorgesehenen Mittel und Methoden, um Fragestellung\/Hypothese dokumentiert zu beantworten;<\/li>\n<li>f. die vorgesehene Arbeitsplanung;<\/li>\n<li>g. finanzielle Unterst\u00fctzungen, die sie f\u00fcr eingereichte Projekte von Dritten erhalten, m\u00fcssen erw\u00e4hnt werden;<\/li>\n<li>h. Antragssteller:innen m\u00fcssen ihrem Dossier die von einer verantwortlichen Person eines Mediums unterschriebene JournaFONDS-Absichtserkl\u00e4rung beif\u00fcgen, die best\u00e4tigt, dass sie an der Recherche interessiert ist. In gut begr\u00fcndeten F\u00e4llen kann die Jury von dieser Anforderung absehen.<\/li>\n<li>i. Antragssteller:innen m\u00fcssen ebenfalls angeben, wie sich das entsprechende Medium finanziell an der geplanten Recherche bzw. Reportage beteiligt (alle Mittel, die vor und\/oder w\u00e4hrend der Recherche gew\u00e4hrt werden, bei Ver\u00f6ffentlichung oder Ausstrahlung der Recherche vereinbarte oder erhaltene Verg\u00fctungen, usw.);<\/li>\n<\/ul>\n<p>3.3. Antr\u00e4ge, welche die in diesem Reglement genannten Anforderungen nicht erf\u00fcllen, werden an die Antragstellerin\/den Antragsteller zur Vervollst\u00e4ndigung zur\u00fcckgeschickt. Bleibt diese Bitte unbeantwortet, wird der Antrag endg\u00fcltig abgelehnt. Unvollst\u00e4ndig gebliebene Antr\u00e4ge k\u00f6nnen ohne Pr\u00fcfung abgelehnt werden.<\/p>\n<p>3.4. Reicht die Anschubfinanzierung nicht aus, um das Projekt abzuschliessen, k\u00f6nnen die antragstellenden Journalist:innen in einer zweiten Runde eine Ausf\u00fchrungsfinanzierung beantragen.<\/p>\n<p>3.5. Dazu m\u00fcssen sie einen neuen Antrag stellen, der alle oben geforderten Angaben und Erl\u00e4uterungen enth\u00e4lt \u2013 siehe Buchstaben a. bis h.<\/p>\n<p>3.6. Ihr Antrag wird nach den gleichen Kriterien neu bewertet, aber auch auf Basis des bisherigen Fortschritts ihres Projektes und der bereits geleisteten Arbeit.<\/p>\n<p>3.7. Reglementsverst\u00f6sse ab der ersten Phase (Kategorie 1: Anschubfinanzierung) k\u00f6nnen ohne weiteres zum Ausschluss von Antragssteller:innen f\u00fchren, die eine weitere Unterst\u00fctzung in der nachfolgenden Phase (Kategorie 2: Ausf\u00fchrungsfinanzierung) beantragen.<\/p>\n<p>3.8. Im Antrag ist zu erw\u00e4hnen, ob ein fr\u00fcheres Projekt zu einem anderen Thema unterst\u00fctzt wurde, und gegebenenfalls muss die fertiggestellte Recherche zwingend mitgeliefert werden. Ausnahmsweise reicht es, den damals eingereichten Antrag mitzuschicken.<\/p>\n<p><strong>4. Auswahlkriterien<\/strong><\/p>\n<p>Um ein Projekt korrekt bewerten zu k\u00f6nnen, ben\u00f6tigt die Jury zwingend Informationen \u00fcber<\/p>\n<ul>\n<li>a. die urspr\u00fcngliche Idee der Arbeit (Problemstellung, Fragestellung und Hypothese)<\/li>\n<li>b. die Relevanz der geplanten Recherche oder Reportage bzgl. Fragestellungen, Aktualit\u00e4t und \u00f6ffentlichem Interesse<\/li>\n<li>c. dessen Besonderheit (Wahl und Aufarbeitung des Themas)<\/li>\n<li>d. dessen Professionalit\u00e4t, Schl\u00fcssigkeit und Akribie<\/li>\n<li>e. inwiefern das Projekt der allgemein anerkannten Definition von Investigativjournalismus entspricht (siehe Punkt 5.3. unten)<\/li>\n<li>f. dessen Machbarkeit<\/li>\n<li>g. den gesch\u00e4tzten Umfang der Arbeiten und deren Dringlichkeit<\/li>\n<li>h. die Angemessenheit des von den Antragsteller:innen beantragten Finanzbedarfs<\/li>\n<li>i. die erwarteten Auswirkungen des Projekts bzgl. \u00f6ffentlichem Interesse und Beitrag zur Medienvielfalt.<\/li>\n<\/ul>\n<p><strong>5. Die Jury<\/strong><\/p>\n<p>5.1. Das JournaFONDS-Sekretariat \u00fcbermittelt die Antr\u00e4ge der Antragsteller:innen an die drei Mitglieder der Jury.<\/p>\n<p>5.2. Die Jury trifft sich in der Regel alle vier Monate, um die Antr\u00e4ge zu bewerten. Die Termine f\u00fcr die Projektauswahlsitzungen sind in den j\u00e4hrlichen Richtlinien festgelegt.<\/p>\n<p>5.3. Die Jury entscheidet namentlich auf der Basis folgender Kriterien:<\/p>\n<ul>\n<li>a. der Dimension des \u00f6ffentlichen Interesses, das im Zentrum journalistischer Recherchen und Reportagen steht, wie aus der von Fachleuten gemeinhin akzeptierten Definition hervorgeht, die von den wichtigsten internationalen Strukturen und Netzwerken, die sich dem investigativen Journalismus widmen, weitergegeben wird (die amerikanische Organisation Investigative Reporters and Editors \u2013 IRE und das weltweite Netzwerk Global Investigative Journalism Network \u2013 GIJN);<\/li>\n<li>b. ethischer und Qualit\u00e4tskriterien, namentlich gem\u00e4ss den Statuten des Vereins \u00abB\u00fcndnis f\u00fcr Recherche und Reportage\u00bb sowie der Erkl\u00e4rung der Pflichten und Rechte der Journalistinnen und Journalisten.\n<\/li>\n<\/ul>\n<p>5.4. Im Anschluss an ihre Sitzung trifft die Jury ihre Entscheidung innerhalb von 14 Tagen oder schneller, je nach Dringlichkeit. Alle Entscheidungen \u2013 ob positiv oder negativ \u2013 werden schriftlich begr\u00fcndet.<\/p>\n<p>5.5. Das Sekretariat und die Jury garantieren den Anstragsteller:innen volle Vertraulichkeit gem\u00e4ss den Bestimmungen der Statuten des Vereins \u00abPacte de l\u2019Enqu\u00eate et du Reportage\u00bb. Die Mitglieder der Jury unterzeichnen dazu im Voraus eine Vertraulichkeitserkl\u00e4rung.<\/p>\n<p>5.6. Die Entscheide der Jury sind endg\u00fcltig und nicht anfechtbar.<\/p>\n<p><strong>6. Modalit\u00e4ten der Gew\u00e4hrung und Auszahlung des Zuschusses<\/strong><\/p>\n<p>6.1. Bei Annahme eines Antrags werden die gew\u00e4hrten Betr\u00e4ge auf Grundlage der Mindestl\u00f6hne f\u00fcr Medienschaffende berechnet, d.h. mit einer Tagespauschale von 600 Franken, zuz\u00fcglich der Auslagen (z.B. Reisekosten).<\/p>\n<p>6.2. Infrastrukturkosten (B\u00fcro- und\/oder Ger\u00e4temiete) werden nicht finanziert.<\/p>\n<p>6.3. Die H\u00e4lfte des zugesprochenen Betrages wird nach Annahme des Antrags durch die Jury innerhalb von 14 Tagen an die Antragsteller:innen ausgezahlt.<\/p>\n<p>6.4. Alle zwei Monaten informiert der\/die Journalist:in JournaFONDS schriftlich \u00fcber den Fortschritt der Recherche und best\u00e4tigt, ob sich das Projekt auf gutem Wege befindet wie im Antrag vorgesehen.<\/p>\n<p>6.5. Bei wesentlichen \u00c4nderungen eines Projektes nach Auszahlung dieser Rate muss der\/die Beg\u00fcnstigte das JournaFONDS-Sekretariat unverz\u00fcglich informieren und die Umst\u00e4nde erl\u00e4utern, die zu dieser Entscheidung gef\u00fchrt haben.<\/p>\n<p>6.6. Die verbliebene H\u00e4lfte der zugesprochenen Summe wird an die Antragsteller:innen ausbezahlt nach Eingang beim Sekretariat der Recherche- oder Reportageergebnisse sowie eines Abschlussberichts, der unter anderem Angaben zur Rezeption und Wahrnehmung des Projekts enth\u00e4lt, wie z. B. Reaktionen der Leserschaft und des Publikums, Seitenaufrufe, Reaktionen in den sozialen Medien und andere.<\/p>\n<p>6.7. Unterl\u00e4sst es der\/die Antragssteller:in, JournaFONDS \u00fcber die Ver\u00f6ffentlichung der Recherche zu informieren, wird nur die H\u00e4lfte der zweiten Tranche ausbezahlt.<\/p>\n<p>6.8. Bei Nichterhalt oder Nichtausf\u00fchrung der Recherche oder Reportage fordert das Sekretariat Erkl\u00e4rungen von den Antragsteller:innen ein.<\/p>\n<p>6.9. Die Jury beh\u00e4lt sich das Recht vor, die zweite Rate der Unterst\u00fctzung nicht auszubezahlen, falls die Antragssteller:innen nicht zufrieden stellend antworten.<\/p>\n<p>6.10. Bei Nichtrealisierung des Werkes beh\u00e4lt sich JournaFONDS das Recht vor, die Vereinbarung einseitig zu k\u00fcndigen und die vollst\u00e4ndige R\u00fcckerstattung der ersten bezahlten Rate zu verlangen.<\/p>\n<p>6.11. Wird das Projekt nicht innerhalb von zwei Jahren nach Auszahlung der ersten Rate ver\u00f6ffentlicht, verf\u00e4llt der Anspruch auf die zweite Rate. In gut begr\u00fcndeten F\u00e4llen kann diese Frist auf drei Jahre verl\u00e4ngert werden.<\/p>\n<p><strong>7. Erw\u00e4hnungen bei Ver\u00f6ffentlichung von JournaFONDS-finanzierten Projekten <\/strong><\/p>\n<p>7.1. Der Journalist\/die Journalistin verpflichtet sich, daf\u00fcr zu sorgen, dass jede ver\u00f6ffentlichte Recherche oder Reportage, die von JournaFONDS unterst\u00fctzt wurde, das zur Verf\u00fcgung gestellte Logo sowie den Vermerk tr\u00e4gt: \u00abrecherchiert und umgesetzt mit Unterst\u00fctzung von JournaFONDS\u00bb.<\/p>\n<p>7.2. Wird dieser Vermerk vergessen, bezahlt JournaFONDS die zweite Tranche nicht aus.<\/p>\n<p>7.3. JournaFONDS beh\u00e4lt sich das Recht vor, jede Recherche und jede Reportage, die von ihm ganz oder teilweise finanziert wurde, fr\u00fchestens ein Monat nach der Erstver\u00f6ffentlichung zu ver\u00f6ffentlichen oder \u2013 falls Recherche oder Reportage nicht ver\u00f6ffentlicht wurden \u2013 nach einer angemessenen Zeitspanne und in R\u00fccksprache mit der Autorin\/dem Autoren. JournaFONDS beh\u00e4lt sich das Recht vor, die Recherche auf seiner eigenen Website ab der Erstver\u00f6ffentlichung ebenfalls zu ver\u00f6ffentlichen.<\/p>\n<p><strong>8. Inkrafttreten und G\u00fcltigkeit <\/strong><\/p>\n<p>Gem\u00e4ss Entscheid des Vorstands vom 25. Mai 2021 tritt dieses Reglement am 1. Juni 2021 in Kraft. Ge\u00e4ndert am 1. Juli 2025.<\/p>\n<p>&nbsp;<\/p>\n<p><em>* Mehr Informationen zu den Zielen von JournaFONDS finden Sie in den Vereinsstatuten.<\/em><\/p>\n<\/div><\/div><\/div><\/div><\/div>\n","protected":false},"excerpt":{"rendered":"","protected":false},"author":1,"featured_media":0,"parent":0,"menu_order":0,"comment_status":"closed","ping_status":"closed","template":"100-width.php","meta":{"_acf_changed":false,"footnotes":""},"class_list":["post-6648","page","type-page","status-publish","hentry"],"acf":[],"yoast_head":"<!-- This site is optimized with the Yoast SEO plugin v27.4 - https:\/\/yoast.com\/product\/yoast-seo-wordpress\/ -->\n<title>Reglement - journaFONDS<\/title>\n<meta name=\"robots\" content=\"index, follow, max-snippet:-1, max-image-preview:large, max-video-preview:-1\" \/>\n<link rel=\"canonical\" href=\"https:\/\/www.journafonds.ch\/reglement\/\" \/>\n<meta property=\"og:locale\" content=\"de_DE\" \/>\n<meta property=\"og:type\" content=\"article\" \/>\n<meta property=\"og:title\" content=\"Reglement - journaFONDS\" \/>\n<meta property=\"og:url\" content=\"https:\/\/www.journafonds.ch\/reglement\/\" \/>\n<meta property=\"og:site_name\" content=\"journaFONDS\" \/>\n<meta property=\"article:modified_time\" content=\"2025-12-11T08:49:29+00:00\" \/>\n<meta name=\"twitter:card\" content=\"summary_large_image\" \/>\n<meta name=\"twitter:label1\" content=\"Gesch\u00e4tzte Lesezeit\" \/>\n\t<meta name=\"twitter:data1\" content=\"12\u00a0Minuten\" \/>\n<script type=\"application\/ld+json\" class=\"yoast-schema-graph\">{\"@context\":\"https:\\\/\\\/schema.org\",\"@graph\":[{\"@type\":\"WebPage\",\"@id\":\"https:\\\/\\\/www.journafonds.ch\\\/reglement\\\/\",\"url\":\"https:\\\/\\\/www.journafonds.ch\\\/reglement\\\/\",\"name\":\"Reglement - journaFONDS\",\"isPartOf\":{\"@id\":\"https:\\\/\\\/www.journafonds.ch\\\/#website\"},\"datePublished\":\"2025-12-10T08:46:08+00:00\",\"dateModified\":\"2025-12-11T08:49:29+00:00\",\"breadcrumb\":{\"@id\":\"https:\\\/\\\/www.journafonds.ch\\\/reglement\\\/#breadcrumb\"},\"inLanguage\":\"de\",\"potentialAction\":[{\"@type\":\"ReadAction\",\"target\":[\"https:\\\/\\\/www.journafonds.ch\\\/reglement\\\/\"]}]},{\"@type\":\"BreadcrumbList\",\"@id\":\"https:\\\/\\\/www.journafonds.ch\\\/reglement\\\/#breadcrumb\",\"itemListElement\":[{\"@type\":\"ListItem\",\"position\":1,\"name\":\"Start\",\"item\":\"https:\\\/\\\/www.journafonds.ch\\\/de\\\/\"},{\"@type\":\"ListItem\",\"position\":2,\"name\":\"Reglement\"}]},{\"@type\":\"WebSite\",\"@id\":\"https:\\\/\\\/www.journafonds.ch\\\/#website\",\"url\":\"https:\\\/\\\/www.journafonds.ch\\\/\",\"name\":\"journaFONDS\",\"description\":\"Fribourg | Fonds f\u00fcr investigativen Journalismus\",\"potentialAction\":[{\"@type\":\"SearchAction\",\"target\":{\"@type\":\"EntryPoint\",\"urlTemplate\":\"https:\\\/\\\/www.journafonds.ch\\\/?s={search_term_string}\"},\"query-input\":{\"@type\":\"PropertyValueSpecification\",\"valueRequired\":true,\"valueName\":\"search_term_string\"}}],\"inLanguage\":\"de\"}]}<\/script>\n<!-- \/ Yoast SEO plugin. -->","yoast_head_json":{"title":"Reglement - journaFONDS","robots":{"index":"index","follow":"follow","max-snippet":"max-snippet:-1","max-image-preview":"max-image-preview:large","max-video-preview":"max-video-preview:-1"},"canonical":"https:\/\/www.journafonds.ch\/reglement\/","og_locale":"de_DE","og_type":"article","og_title":"Reglement - journaFONDS","og_url":"https:\/\/www.journafonds.ch\/reglement\/","og_site_name":"journaFONDS","article_modified_time":"2025-12-11T08:49:29+00:00","twitter_card":"summary_large_image","twitter_misc":{"Gesch\u00e4tzte Lesezeit":"12\u00a0Minuten"},"schema":{"@context":"https:\/\/schema.org","@graph":[{"@type":"WebPage","@id":"https:\/\/www.journafonds.ch\/reglement\/","url":"https:\/\/www.journafonds.ch\/reglement\/","name":"Reglement - journaFONDS","isPartOf":{"@id":"https:\/\/www.journafonds.ch\/#website"},"datePublished":"2025-12-10T08:46:08+00:00","dateModified":"2025-12-11T08:49:29+00:00","breadcrumb":{"@id":"https:\/\/www.journafonds.ch\/reglement\/#breadcrumb"},"inLanguage":"de","potentialAction":[{"@type":"ReadAction","target":["https:\/\/www.journafonds.ch\/reglement\/"]}]},{"@type":"BreadcrumbList","@id":"https:\/\/www.journafonds.ch\/reglement\/#breadcrumb","itemListElement":[{"@type":"ListItem","position":1,"name":"Start","item":"https:\/\/www.journafonds.ch\/de\/"},{"@type":"ListItem","position":2,"name":"Reglement"}]},{"@type":"WebSite","@id":"https:\/\/www.journafonds.ch\/#website","url":"https:\/\/www.journafonds.ch\/","name":"journaFONDS","description":"Fribourg | Fonds f\u00fcr investigativen Journalismus","potentialAction":[{"@type":"SearchAction","target":{"@type":"EntryPoint","urlTemplate":"https:\/\/www.journafonds.ch\/?s={search_term_string}"},"query-input":{"@type":"PropertyValueSpecification","valueRequired":true,"valueName":"search_term_string"}}],"inLanguage":"de"}]}},"_links":{"self":[{"href":"https:\/\/www.journafonds.ch\/de\/wp-json\/wp\/v2\/pages\/6648","targetHints":{"allow":["GET"]}}],"collection":[{"href":"https:\/\/www.journafonds.ch\/de\/wp-json\/wp\/v2\/pages"}],"about":[{"href":"https:\/\/www.journafonds.ch\/de\/wp-json\/wp\/v2\/types\/page"}],"author":[{"embeddable":true,"href":"https:\/\/www.journafonds.ch\/de\/wp-json\/wp\/v2\/users\/1"}],"replies":[{"embeddable":true,"href":"https:\/\/www.journafonds.ch\/de\/wp-json\/wp\/v2\/comments?post=6648"}],"version-history":[{"count":2,"href":"https:\/\/www.journafonds.ch\/de\/wp-json\/wp\/v2\/pages\/6648\/revisions"}],"predecessor-version":[{"id":6728,"href":"https:\/\/www.journafonds.ch\/de\/wp-json\/wp\/v2\/pages\/6648\/revisions\/6728"}],"wp:attachment":[{"href":"https:\/\/www.journafonds.ch\/de\/wp-json\/wp\/v2\/media?parent=6648"}],"curies":[{"name":"wp","href":"https:\/\/api.w.org\/{rel}","templated":true}]}}