{"id":6646,"date":"2025-12-10T08:45:46","date_gmt":"2025-12-10T08:45:46","guid":{"rendered":"https:\/\/www.journafonds.ch\/?page_id=6646"},"modified":"2025-12-10T09:56:23","modified_gmt":"2025-12-10T09:56:23","slug":"statuten","status":"publish","type":"page","link":"https:\/\/www.journafonds.ch\/de\/statuten\/","title":{"rendered":"Statuten"},"content":{"rendered":"<div class=\"fusion-fullwidth fullwidth-box fusion-builder-row-1 fusion-flex-container has-pattern-background has-mask-background nonhundred-percent-fullwidth non-hundred-percent-height-scrolling\" style=\"--awb-border-radius-top-left:0px;--awb-border-radius-top-right:0px;--awb-border-radius-bottom-right:0px;--awb-border-radius-bottom-left:0px;--awb-padding-bottom:100px;--awb-flex-wrap:wrap;\" ><div class=\"fusion-builder-row fusion-row fusion-flex-align-items-flex-start fusion-flex-content-wrap\" style=\"max-width:1269.99px;margin-left: calc(-3% \/ 2 );margin-right: calc(-3% \/ 2 );\"><div class=\"fusion-layout-column fusion_builder_column fusion-builder-column-0 fusion_builder_column_1_1 1_1 fusion-flex-column\" style=\"--awb-bg-size:cover;--awb-width-large:100%;--awb-spacing-right-large:1.455%;--awb-margin-bottom-large:0px;--awb-spacing-left-large:1.455%;--awb-width-medium:100%;--awb-order-medium:0;--awb-spacing-right-medium:1.455%;--awb-spacing-left-medium:1.455%;--awb-width-small:100%;--awb-order-small:0;--awb-spacing-right-small:1.455%;--awb-spacing-left-small:1.455%;\"><div class=\"fusion-column-wrapper fusion-column-has-shadow fusion-flex-justify-content-flex-start fusion-content-layout-column\"><div class=\"fusion-title title fusion-title-1 fusion-sep-none fusion-title-text fusion-title-size-three\" style=\"--awb-text-color:var(--awb-color2);--awb-margin-bottom:30px;--awb-margin-top-small:10px;--awb-margin-right-small:0px;--awb-margin-bottom-small:10px;--awb-margin-left-small:0px;--awb-font-size:var(--awb-typography4-font-size);\"><h3 class=\"fusion-title-heading title-heading-left fusion-responsive-typography-calculated\" style=\"font-family:var(--awb-typography4-font-family);font-weight:var(--awb-typography4-font-weight);font-style:var(--awb-typography4-font-style);margin:0;letter-spacing:var(--awb-typography4-letter-spacing);text-transform:var(--awb-typography4-text-transform);font-size:1em;--fontSize:28;line-height:var(--awb-typography4-line-height);\">STATUTEN VEREIN \u00abPACTE DE L\u2019ENQU\u00caTE ET DU REPORTAGE\u00bb<\/h3><\/div><div class=\"fusion-text fusion-text-1\" style=\"--awb-font-size:var(--awb-typography3-font-size);--awb-line-height:var(--awb-typography3-line-height);--awb-letter-spacing:var(--awb-typography3-letter-spacing);--awb-text-transform:var(--awb-typography3-text-transform);--awb-text-font-family:var(--awb-typography3-font-family);--awb-text-font-weight:var(--awb-typography3-font-weight);--awb-text-font-style:var(--awb-typography3-font-style);\"><p><strong>Art. 1 \u2013 Name<\/strong><br \/>Unter dem Namen \u00abPacte de l\u2019enqu\u00eate et du reportage\u00bb besteht ein gemeinn\u00fctziger Verein gem\u00e4ss der Art. 60 ff. ZGB sowie vorliegender Statuten.<\/p>\n<p><strong>Art. 2 \u2013 Sitz<\/strong><br \/>Sitz des Vereins ist Freiburg i.Ue.<\/p>\n<p><strong>Art. 3 \u2013 Zweck<\/strong><br \/>Der Verein bezweckt die finanzielle Unterst\u00fctzung von Qualit\u00e4tsrecherchen und Qualit\u00e4tsreportagen unter Ber\u00fccksichtigung der journalistischen Berufsethik und der gebotenen kulturellen Vielfalt des Landes und der behandelten Themen.<\/p>\n<p>Der Verein kann sich an der Umsetzung anderer F\u00f6rderprogramme f\u00fcr Informationsmedien beteiligen, insbesondere im Bereich der Bundesf\u00f6rderung, und f\u00fcr Innovation, die entstehen oder bereits bestehen.<\/p>\n<p><strong>Art. 3bis \u2013 Beg\u00fcnstigte<\/strong><br \/>Beg\u00fcnstigte k\u00f6nnen sein:<\/p>\n<ul>\n<li>Journalist:innen, d.h. Personen, deren T\u00e4tigkeit darin besteht, Informationen oder Meinungen im \u00f6ffentlichen Interesse zu sammeln, auszuw\u00e4hlen, zu pr\u00fcfen, zu strukturieren, zu analysieren oder darzustellen im Hinblick auf eine Ver\u00f6ffentlichung, und die im Berufsregister eingetragen sind, ob freie Medienschaffende oder Angestellte bei einem Informationsmedium;<\/li>\n<li>andere Medienschaffende, die im Berufsregister eingetragen sind;<\/li>\n<li>ausnahmsweise auch andere Medienschaffende, die journalistische Inhalte erstellen oder dazu beitragen und die sich verpflichten, die Vorgaben aus dem folgenden Artikel zu beachten.<\/li>\n<\/ul>\n<p><strong>Art. 3ter \u2013 Erforderliche Bedingungen f\u00fcr die Gew\u00e4hrung einer Unterst\u00fctzung<br \/><\/strong>Um eine Unterst\u00fctzung zu erhalten, muss ein Projekt investigativer Recherche oder Reportage im Einklang stehen mit der \u00abErkl\u00e4rung der Pflichten und Rechte von Journalistinnen und Journalisten\u00bb, und die Antragstellenden m\u00fcssen insbesondere folgenden Bedingungen erf\u00fcllen:<\/p>\n<ul>\n<li>die Suche nach der Wahrheit;<\/li>\n<li>die Verantwortlichkeit gegen\u00fcber der \u00d6ffentlichkeit, die Vorrang vor jeder anderen Verantwortlichkeit hat;<\/li>\n<li>die Identifizierung von Quellen und deren Kommunikation, unter Vorbehalt des absoluten Quellenschutzes, wo erforderlich;<\/li>\n<li>Achtung der Privatsph\u00e4re und der Menschenw\u00fcrde;<\/li>\n<li>Respekt der Tatsachen;<\/li>\n<\/ul>\n<p>Ausserdem m\u00fcssen die Projekte folgende Bedingungen erf\u00fcllen:<\/p>\n<ul>\n<li>Relevanz und Bedeutung des Themas f\u00fcr die demokratische Debatte und die \u00f6ffentliche Meinungsbildung;<\/li>\n<li>Einordnung der Themen, durch Ausrichtung und Interpretation;<\/li>\n<li>Besonderheit der Themen;<\/li>\n<li>Bezug zur Schweiz;<\/li>\n<li>Bedeutung und Qualit\u00e4t der Vorrecherche und Umsetzung der Recherche;<\/li>\n<li>Vielfalt und Glaubw\u00fcrdigkeit der Quellen;<\/li>\n<li>realistische Machbarkeit des Projekts.<\/li>\n<\/ul>\n<p><strong>Artikel 3quater \u2013 Ethische Grunds\u00e4tze, auf welche die Jurys achten<br \/><\/strong>Bei der Vergabe der F\u00f6rdermittel achtet die Jury gem\u00e4ss Art. 14 der Statuten auch auf folgende ethische Grunds\u00e4tze:<\/p>\n<ul>\n<li>Professionalit\u00e4t, insbesondere durch die Suche nach Sachlichkeit und eine saubere Umsetzung;<\/li>\n<li>Aufrichtigkeit und Ehrlichkeit in der Recherche;<\/li>\n<li>Transparenz in der Berufsaus\u00fcbung, insbesondere in Bezug auf<br \/>Interessensbindungen;<\/li>\n<li>Verbot jeglicher Nutzung von Insiderinformationen f\u00fcr pers\u00f6nliche Zwecke.<\/li>\n<\/ul>\n<p>Der Verein verabschiedet ausserdem eine Ethikcharta, welche diese Grunds\u00e4tze aufnehmen und\/oder erg\u00e4nzen wird.<\/p>\n<p><strong>Art. 4 \u2013 Dauer<br \/><\/strong>Der Verein besteht auf unbestimmte Zeit.<\/p>\n<p><strong>Art. 5 \u2013 Ressourcen<br \/><\/strong>Die Mittel des Vereins setzen sich insbesondere zusammen aus:<\/p>\n<ul>\n<li>Beitr\u00e4gen der \u00f6ffentlichen Hand in der Schweiz;<\/li>\n<li>Beitr\u00e4gen aus Lotteriefonds;<\/li>\n<li>Beitr\u00e4gen von Stiftungen, Verb\u00e4nden, Unternehmen und andere Privatpersonen;<\/li>\n<li>Einnahmen aus Crowdfunding;<\/li>\n<li>Spenden und Verm\u00e4chtnisse;<\/li>\n<li>Jahresbeitr\u00e4ge der Mitglieder;<\/li>\n<li>Erl\u00f6se aus diversen Dienstleistungen f\u00fcr Verlage und andere Partner der Informationsmedien.<\/li>\n<\/ul>\n<p><strong>Art. 6 \u2013 Mitglieder<br \/><\/strong>Mitglieder der Kategorie 1 sind permanent im Vorstand vertreten. Dies sind<br \/>die folgenden sechs Organisationen:<\/p>\n<ul>\n<li>Medien f\u00fcr alle;<\/li>\n<li>Nouvelle Presse;<\/li>\n<li>SSM \u2013 Schweizer Syndikat Medienschaffender;<\/li>\n<li>Syndicom \u2013 Gewerkschaft Medien und Kommunikation<\/li>\n<li>Impressum \u2013 Die Schweizer Journalistinnen<\/li>\n<li>Verband Medien mit Zukunft<\/li>\n<\/ul>\n<p>Die Mitglieder der Kategorie 2 sind:<\/p>\n<ul>\n<li>investigativ.ch;<\/li>\n<li>Media Forti;<\/li>\n<li>Junge Journalistinnen und Journalisten Schweiz;<\/li>\n<li>neue Mitglieder, die von der Generalversammlung aufgenommen werden.<\/li>\n<\/ul>\n<p>Mitglieder des Vereins k\u00f6nnen nur juristische Personen werden.<\/p>\n<p>Mitglieder beider Kategorien haben an der Generalversammlung jeweils eine Stimme.<\/p>\n<p>F\u00fcr die Schulden des Vereins haftet nur das Vereinsverm\u00f6gen. Eine pers\u00f6nliche Haftung der Mitglieder ist ausgeschlossen.<\/p>\n<p><strong>Art. 7 \u2013 Mitgliedschaft<br \/><\/strong>Jede juristische Person, die bereit ist, den Verein zu unterst\u00fctzen und die vorliegenden Statuten anzuerkennen, kann eine Mitgliedschaft beantragen.<\/p>\n<p>\u00dcber den Antrag entscheidet die Generalversammlung nach freiem Ermessen und ohne Angabe von Gr\u00fcnden.<\/p>\n<p><strong>Art. 8 \u2013 Austritt, Ausschluss<br \/><\/strong>Jedes Mitglied kann unter Einhaltung einer sechsmonatigen K\u00fcndigungsfrist mittels schriftlicher Benachrichtigung zum Ende eines Kalenderjahres aus dem Verein austreten, sofern es alle finanziellen Verpflichtungen gegen\u00fcber dem Verein erf\u00fcllt hat.<strong><br \/><\/strong><\/p>\n<p>Die Generalversammlung kann ein Mitglied ausschliessen, das die statutenm\u00e4ssigen Voraussetzungen nicht mehr erf\u00fcllt oder seinen finanziellen Verpflichtungen gegen\u00fcber dem Verein nicht nachkommt. Sie kann ein Mitglied auch aus wichtigen Gr\u00fcnden ausschliessen.<\/p>\n<p>Ein Mitglied, das ausscheidet oder ausgeschlossen wird, haftet weiterhin f\u00fcr seine finanziellen Verpflichtungen, bis die Mitgliedschaft wirksam erloschen ist.<\/p>\n<p>Ein ausscheidendes oder ausgeschlossenes Mitglied bleibt finanziell verpflichtet, bis seine Mitgliedschaft wirksam erloschen ist.<\/p>\n<p><strong>Art. 9 \u2013 Organe des Vereins<br \/><\/strong>Die Organe des Vereins sind:<strong><br \/><\/strong><\/p>\n<ul>\n<li>die Generalversammlung,<\/li>\n<li>der Vorstand,<\/li>\n<li>die Revisionsstelle.<\/li>\n<\/ul>\n<p><strong>Art. 10 \u2013 Die Generalversammlung <\/strong><br \/>Die Generalversammlung ist oberstes Organ des Vereins.<\/p>\n<p>Eine Generalversammlung findet mindestens einmal j\u00e4hrlich im ersten Semester statt und wird vom Vorstand einberufen. Diese ordentliche Generalversammlung muss in der ersten H\u00e4lfte eines Kalenderjahres stattfinden.<\/p>\n<p>Die Einladung muss mindestens dreissig Tage im Voraus verschickt werden und die Traktandenliste beinhalten.<\/p>\n<p>Die Mehrheit der Vorstandsmitglieder oder ein F\u00fcnftel aller Vereinsmitglieder k\u00f6nnen eine ausserordentliche Generalversammlung einberufen lassen.<\/p>\n<p>Jedes Mitglied kann ein anderes Mitglied schriftlich bevollm\u00e4chtigen, es an der Generalversammlung zu vertreten. Kein Mitglied darf mehr als ein anderes Mitglied vertreten.<\/p>\n<p>Die Beratungen und Beschl\u00fcsse der Generalversammlung sind g\u00fcltig, sofern die Mehrheit der Mitglieder vertreten ist. Vorbehaltlich der Artikel 18 und 19 der Statuten werden die Beschl\u00fcsse mit einfachem Mehr der anwesenden oder vertretenen Mitglieder gefasst. Sie wird vom Pr\u00e4sidenten\/von der Pr\u00e4sidentin geleitet oder allenfalls vom Vizepr\u00e4sidenten\/von der Vizepr\u00e4sidentin.<\/p>\n<p><strong>Art. 11 \u2013 Zust\u00e4ndigkeiten der Generalversammlung<\/strong><br \/>Die Generalversammlung hat folgende Zust\u00e4ndigkeiten:<\/p>\n<ul>\n<li>sie legt den j\u00e4hrlichen Mitgliederbeitrag fest;<\/li>\n<li>sie entscheidet \u00fcber Zulassungen neuer Mitglieder und best\u00e4tigt Austritte;<\/li>\n<li>sie entscheidet \u00fcber Ausschl\u00fcsse;<\/li>\n<li>sie verabschiedet Jahresbericht und Jahresrechnung;<\/li>\n<li>sie verabschiedet das Jahresbudget;<\/li>\n<li>sie verabschiedet und \u00e4ndert Reglemente und die Ethik-Charta;<\/li>\n<li>sie verabschiedet und \u00e4ndert die Statuten;<\/li>\n<li>sie w\u00e4hlt die Vorstandsmitglieder und die Revisionsstelle;<\/li>\n<li>sie genehmigt das Vergabereglement und die Zusammensetzung des Expert:innenpools;<\/li>\n<li>sie w\u00e4hlt den Pr\u00e4sidenten\/die Pr\u00e4sidentin und den Vizepr\u00e4sidenten\/die Vizepr\u00e4sidentin.<\/li>\n<\/ul>\n<p><strong>Art. 12 \u2013 Der Vorstand <\/strong><br \/>Der Vorstand besteht aus sieben bis zw\u00f6lf nat\u00fcrlichen Personen, die von der Generalversammlung aus den Reihen der Vereinsmitgliedern einzeln f\u00fcr eine Amtszeit von zwei Jahren gew\u00e4hlt werden. Die Geschlechter m\u00fcssen ausgewogen vertreten sein. Wiederwahl ist drei Mal m\u00f6glich.<\/p>\n<p>Die Mitglieder des Vereinsvorstandes sind ehrenamtlich t\u00e4tig. Vorbehalten bleibt der Ersatz von Barauslagen und allf\u00e4lligen Transportkosten.<\/p>\n<p>Der Vorstand versammelt sich so oft, wie er es f\u00fcr notwendig erachtet, jedoch mindestens viermal pro Jahr. Wenn mindestens vier seiner Mitglieder dies beantragen, muss eine Sitzung einberufen werden. Mit Ausnahme dringlicher F\u00e4lle, hat die Einberufung zehn Tage im Voraus zu erfolgen. Sitzungen per Video- oder Telefonkonferenz sind m\u00f6glich.<\/p>\n<p>Der Vorstand versammelt sich g\u00fcltig, wenn mindestens die H\u00e4lfte seiner Mitgliederanwesend ist.<\/p>\n<p>Der Vorstand entscheidet mit einfachem Mehr der anwesenden Mitglieder, der Pr\u00e4sident\/die Pr\u00e4sidentin hat den Stichentscheid.<\/p>\n<p>Der Pr\u00e4sident\/die Pr\u00e4sidentin muss nicht zwingend einem Vereinsmitglied angeh\u00f6ren.<\/p>\n<p><strong>Art. 13 \u2013 Zust\u00e4ndigkeiten des Vorstands<\/strong><br \/>Der Vorstand hat insbesondere folgenden Zust\u00e4ndigkeiten:<\/p>\n<ul>\n<li>er schl\u00e4gt der Generalversammlung die H\u00f6he des j\u00e4hrlichen Mitgliedsbeitrags vor;<\/li>\n<li>er schl\u00e4gt der Generalversammlung Aufnahmen neuer Mitglieder vor und unterbreitet ihr die Austritte;<\/li>\n<li>er ernennt einen Generalsekret\u00e4r\/eine Generalsekret\u00e4rin und einen Kassier\/eine Kassierin; der Vorstand kann das Sekretariat einer Drittpartei anvertrauen;<\/li>\n<li>er stellt eine ordnungsgem\u00e4sse Gesch\u00e4ftsf\u00fchrung sicher;<\/li>\n<li>er schl\u00e4gt der Generalversammlung Vergabereglement sowie Zusammensetzung des Expert:innenpools vor;<\/li>\n<li>er legt Gesch\u00e4ftsbericht und Jahresrechnung zur Genehmigung vor.<\/li>\n<\/ul>\n<p><strong>Art. 14 \u2013 Jury<\/strong><br \/>Die regionalen Jurys \u2013 deutschsprachig, franz\u00f6sischsprachig und und italienischsprachig \u2013 bestehen aus jeweils drei Mitgliedern, die f\u00fcr jede Session vom Vorstand bestellt werden und dem Expert:innenpool angeh\u00f6ren, der vom Vorstand nominiert und von der Generalversammlung genehmigt wurde.<\/p>\n<p>Der Vorstand kann ausnahmsweise entscheiden, f\u00fcr eine Session nur eine oder nur zwei Jurys einzusetzen, wenn es die Umst\u00e4nde rechtfertigen. Der Vorstand achtet auch in einem solchen Fall darauf, dass alle Sprachen geb\u00fchrend ber\u00fccksichtigt werden.<\/p>\n<p>Die Amtszeit betr\u00e4gt zwei Jahre. Das Mandat kann drei Mal verl\u00e4ngert werden.<\/p>\n<p>Die Jurys entscheiden in Dreierbesetzung, die Geschlechter m\u00fcssen ausgewogen vertreten sein. Sie umfassen jeweils zwei Berufsjournalist:innen und eine Person aus der Zivilgesellschaft, die ihr Interesse an Journalismus und dessen Mehrwert f\u00fcr die Demokratie gezeigt hat.<\/p>\n<p>Die Jury-Mitglieder beraten in v\u00f6lliger Unabh\u00e4ngigkeit \u00fcber die Vergabe von Unterst\u00fctzungsgeldern f\u00fcr investigative Recherchen und Reportagen; hat ein Mitglied einen Interessenskonflikt, tritt es f\u00fcr die ganze Session in den Ausstand. Die Entscheidungen der Jurys st\u00fctzen sich auf die schriftlichen Dossiers der Antragstellenden. Die Jurys stellen sicher, dass die Vereinsziele vollumf\u00e4nglich eingehalten werden, insbesondere die Anforderungen aus den Artikeln 3 bis 3quater, in der jeweils g\u00fcltigen Fassung zum Zeitpunkt der Spendenzusagen der Sponsoren. Jedes Mitglied kann eine geheime Abstimmung verlangen.<\/p>\n<p>Die Mitglieder der Jury unterstehen der Geheimhaltung bez\u00fcglich aller Informationen, die ihnen im Rahmen der journalistischen Projekte f\u00fcr investigative Recherchen und Reportagen vorgelegt werden.<\/p>\n<p>Die Namen der beteiligten Jury-Mitglieder werden nach jeder Session bekanntgegeben.<\/p>\n<p><strong>Art. 15 \u2013 Revisionsstelle <\/strong><br \/>Die Revisionsstelle wird ausserhalb des Kreises der Vereinsmitglieder gew\u00e4hlt. Sie wird f\u00fcr zwei Jahre gew\u00e4hlt und kann zweimal wiedergew\u00e4hlt werden. Sie ist verantwortlich f\u00fcr die Buchpr\u00fcfung, die sie jederzeit durchf\u00fchren kann, und legt einen schriftlichen Jahresbericht vor \u00fcber ihre Pr\u00fcfungst\u00e4tigkeit.<\/p>\n<p><strong>Art. 16 \u2013 Gesch\u00e4ftsjahr<\/strong><br \/>Das Gesch\u00e4ftsjahr entspricht dem Kalenderjahr.<\/p>\n<p><strong>Art. 17 \u2013 Vertretung<\/strong><br \/>Der Verein wird finanziell verpflichtet durch die Kollektivunterschrift von Generalsekret\u00e4r:in einerseits und Pr\u00e4sident:in oder Vizepr\u00e4sident:in andererseits.<\/p>\n<p>Nach aussen wird der Verein durch den Pr\u00e4sidenten\/die Pr\u00e4sidentin oder den Vizepr\u00e4sidenten\/die Vizepr\u00e4sidentin vertreten.<\/p>\n<p><strong>Art. 18 \u2013 Statutenrevision <\/strong><br \/>Die Generalversammlung kann die Statuten mit der absoluten Mehrheit der Mitglieder revidieren.<\/p>\n<p><strong>Art. 19 \u2013 Aufl\u00f6sung<br \/><\/strong>Eine zu diesem Zweck einberufenen Generalversammlung, die mindestens drei Monate im<b> <\/b>Voraus angek\u00fcndigt wurde, kann beschliessen, den Verein aufzul\u00f6sen. Dieser Aufl\u00f6sungsbeschluss muss mit einer doppelten absoluten Mehrheit der anwesenden Mitglieder sowie der Mitglieder der Kategorie 1 gefasst werden.<\/p>\n<p>Bei einer Aufl\u00f6sung f\u00e4llt das Vereinsverm\u00f6gen an eine steuerbefreite Organisation mit gleichem oder \u00e4hnlichem Zweck.<\/p>\n<p><strong>Art. 20 \u2013 Verabschiedung und Inkrafttreten <\/strong><br \/>Diese Statuten wurde an der Gr\u00fcndungsversammlung am 24. November 2020 verabschiedet und sind sofort in Kraft getreten.<\/p>\n<p>11.06.2024<\/p>\n<\/div><\/div><\/div><\/div><\/div>\n","protected":false},"excerpt":{"rendered":"","protected":false},"author":1,"featured_media":0,"parent":0,"menu_order":0,"comment_status":"closed","ping_status":"closed","template":"100-width.php","meta":{"_acf_changed":false,"footnotes":""},"class_list":["post-6646","page","type-page","status-publish","hentry"],"acf":[],"yoast_head":"<!-- This site is optimized with the Yoast SEO plugin v27.4 - https:\/\/yoast.com\/product\/yoast-seo-wordpress\/ -->\n<title>Statuten - journaFONDS<\/title>\n<meta name=\"robots\" content=\"index, follow, max-snippet:-1, max-image-preview:large, max-video-preview:-1\" \/>\n<link rel=\"canonical\" href=\"https:\/\/www.journafonds.ch\/statuten\/\" \/>\n<meta property=\"og:locale\" content=\"de_DE\" \/>\n<meta property=\"og:type\" content=\"article\" \/>\n<meta property=\"og:title\" content=\"Statuten - journaFONDS\" \/>\n<meta property=\"og:url\" content=\"https:\/\/www.journafonds.ch\/statuten\/\" \/>\n<meta property=\"og:site_name\" content=\"journaFONDS\" \/>\n<meta property=\"article:modified_time\" content=\"2025-12-10T09:56:23+00:00\" \/>\n<meta name=\"twitter:card\" content=\"summary_large_image\" \/>\n<meta name=\"twitter:label1\" content=\"Gesch\u00e4tzte Lesezeit\" \/>\n\t<meta name=\"twitter:data1\" content=\"13\u00a0Minuten\" \/>\n<script type=\"application\/ld+json\" class=\"yoast-schema-graph\">{\"@context\":\"https:\\\/\\\/schema.org\",\"@graph\":[{\"@type\":\"WebPage\",\"@id\":\"https:\\\/\\\/www.journafonds.ch\\\/statuten\\\/\",\"url\":\"https:\\\/\\\/www.journafonds.ch\\\/statuten\\\/\",\"name\":\"Statuten - journaFONDS\",\"isPartOf\":{\"@id\":\"https:\\\/\\\/www.journafonds.ch\\\/#website\"},\"datePublished\":\"2025-12-10T08:45:46+00:00\",\"dateModified\":\"2025-12-10T09:56:23+00:00\",\"breadcrumb\":{\"@id\":\"https:\\\/\\\/www.journafonds.ch\\\/statuten\\\/#breadcrumb\"},\"inLanguage\":\"de\",\"potentialAction\":[{\"@type\":\"ReadAction\",\"target\":[\"https:\\\/\\\/www.journafonds.ch\\\/statuten\\\/\"]}]},{\"@type\":\"BreadcrumbList\",\"@id\":\"https:\\\/\\\/www.journafonds.ch\\\/statuten\\\/#breadcrumb\",\"itemListElement\":[{\"@type\":\"ListItem\",\"position\":1,\"name\":\"Start\",\"item\":\"https:\\\/\\\/www.journafonds.ch\\\/de\\\/\"},{\"@type\":\"ListItem\",\"position\":2,\"name\":\"Statuten\"}]},{\"@type\":\"WebSite\",\"@id\":\"https:\\\/\\\/www.journafonds.ch\\\/#website\",\"url\":\"https:\\\/\\\/www.journafonds.ch\\\/\",\"name\":\"journaFONDS\",\"description\":\"Fribourg | Fonds f\u00fcr investigativen Journalismus\",\"potentialAction\":[{\"@type\":\"SearchAction\",\"target\":{\"@type\":\"EntryPoint\",\"urlTemplate\":\"https:\\\/\\\/www.journafonds.ch\\\/?s={search_term_string}\"},\"query-input\":{\"@type\":\"PropertyValueSpecification\",\"valueRequired\":true,\"valueName\":\"search_term_string\"}}],\"inLanguage\":\"de\"}]}<\/script>\n<!-- \/ Yoast SEO plugin. -->","yoast_head_json":{"title":"Statuten - journaFONDS","robots":{"index":"index","follow":"follow","max-snippet":"max-snippet:-1","max-image-preview":"max-image-preview:large","max-video-preview":"max-video-preview:-1"},"canonical":"https:\/\/www.journafonds.ch\/statuten\/","og_locale":"de_DE","og_type":"article","og_title":"Statuten - journaFONDS","og_url":"https:\/\/www.journafonds.ch\/statuten\/","og_site_name":"journaFONDS","article_modified_time":"2025-12-10T09:56:23+00:00","twitter_card":"summary_large_image","twitter_misc":{"Gesch\u00e4tzte Lesezeit":"13\u00a0Minuten"},"schema":{"@context":"https:\/\/schema.org","@graph":[{"@type":"WebPage","@id":"https:\/\/www.journafonds.ch\/statuten\/","url":"https:\/\/www.journafonds.ch\/statuten\/","name":"Statuten - journaFONDS","isPartOf":{"@id":"https:\/\/www.journafonds.ch\/#website"},"datePublished":"2025-12-10T08:45:46+00:00","dateModified":"2025-12-10T09:56:23+00:00","breadcrumb":{"@id":"https:\/\/www.journafonds.ch\/statuten\/#breadcrumb"},"inLanguage":"de","potentialAction":[{"@type":"ReadAction","target":["https:\/\/www.journafonds.ch\/statuten\/"]}]},{"@type":"BreadcrumbList","@id":"https:\/\/www.journafonds.ch\/statuten\/#breadcrumb","itemListElement":[{"@type":"ListItem","position":1,"name":"Start","item":"https:\/\/www.journafonds.ch\/de\/"},{"@type":"ListItem","position":2,"name":"Statuten"}]},{"@type":"WebSite","@id":"https:\/\/www.journafonds.ch\/#website","url":"https:\/\/www.journafonds.ch\/","name":"journaFONDS","description":"Fribourg | Fonds f\u00fcr investigativen Journalismus","potentialAction":[{"@type":"SearchAction","target":{"@type":"EntryPoint","urlTemplate":"https:\/\/www.journafonds.ch\/?s={search_term_string}"},"query-input":{"@type":"PropertyValueSpecification","valueRequired":true,"valueName":"search_term_string"}}],"inLanguage":"de"}]}},"_links":{"self":[{"href":"https:\/\/www.journafonds.ch\/de\/wp-json\/wp\/v2\/pages\/6646","targetHints":{"allow":["GET"]}}],"collection":[{"href":"https:\/\/www.journafonds.ch\/de\/wp-json\/wp\/v2\/pages"}],"about":[{"href":"https:\/\/www.journafonds.ch\/de\/wp-json\/wp\/v2\/types\/page"}],"author":[{"embeddable":true,"href":"https:\/\/www.journafonds.ch\/de\/wp-json\/wp\/v2\/users\/1"}],"replies":[{"embeddable":true,"href":"https:\/\/www.journafonds.ch\/de\/wp-json\/wp\/v2\/comments?post=6646"}],"version-history":[{"count":3,"href":"https:\/\/www.journafonds.ch\/de\/wp-json\/wp\/v2\/pages\/6646\/revisions"}],"predecessor-version":[{"id":6657,"href":"https:\/\/www.journafonds.ch\/de\/wp-json\/wp\/v2\/pages\/6646\/revisions\/6657"}],"wp:attachment":[{"href":"https:\/\/www.journafonds.ch\/de\/wp-json\/wp\/v2\/media?parent=6646"}],"curies":[{"name":"wp","href":"https:\/\/api.w.org\/{rel}","templated":true}]}}